{"id":7093,"date":"2022-01-17T13:38:43","date_gmt":"2022-01-17T10:38:43","guid":{"rendered":"https:\/\/novahidrolik.com.tr\/?post_type=product&#038;p=7093"},"modified":"2022-01-17T13:38:43","modified_gmt":"2022-01-17T10:38:43","slug":"bsp-disi-dirsekler","status":"publish","type":"product","link":"https:\/\/novahidrolik.com.tr\/index.php\/urun\/bsp-disi-dirsekler\/","title":{"rendered":"BSP D\u0130\u015e\u0130 D\u0130RSEKLER"},"content":{"rendered":"","protected":false},"excerpt":{"rendered":"<table class=\"table table-striped\" cellspacing=\"0\">\n<tbody>\n<tr>\n<td colspan=\"5\"><strong>BSP D\u0130\u015e\u0130 D\u0130RSEKLER<\/strong><br \/>\nBSP FEMALE THREAD ELBOWS<\/td>\n<\/tr>\n<tr>\n<td><strong>MALZEME KODU<\/strong><br \/>\nMATERIAL CODE<\/td>\n<td><strong>D\u0130\u015e \u00d6L\u00c7\u00dcS\u00dc<\/strong><br \/>\nTHREAD SIZE<br \/>\nT1<\/td>\n<td><strong>B<\/strong><\/td>\n<td><strong>\u00d8D<\/strong><\/td>\n<td><strong>AA<\/strong><\/td>\n<\/tr>\n<tr>\n<td>RK-1010-DD<\/td>\n<td>R1\/8-28<\/td>\n<td>22<\/td>\n<td>8.5<\/td>\n<td>14<\/td>\n<\/tr>\n<tr>\n<td>RK-1313-DD<\/td>\n<td>R1\/4-19<\/td>\n<td>22<\/td>\n<td>11<\/td>\n<td>19<\/td>\n<\/tr>\n<tr>\n<td>RK-1717-DD<\/td>\n<td>R3\/8-19<\/td>\n<td>26<\/td>\n<td>14<\/td>\n<td>22<\/td>\n<\/tr>\n<tr>\n<td>RK-2121-DD<\/td>\n<td>R1\/2-14<\/td>\n<td>31<\/td>\n<td>16<\/td>\n<td>27<\/td>\n<\/tr>\n<tr>\n<td>RK-2626-DD<\/td>\n<td>R3\/4-14<\/td>\n<td>40<\/td>\n<td>20<\/td>\n<td>33<\/td>\n<\/tr>\n<tr>\n<td>RK-3333-DD<\/td>\n<td>R1&#8243;-11<\/td>\n<td>46<\/td>\n<td>25<\/td>\n<td>41<\/td>\n<\/tr>\n<tr>\n<td>RK-4242-DD<\/td>\n<td>R1&#8243;1\/4-11<\/td>\n<td>57<\/td>\n<td>29<\/td>\n<td>50<\/td>\n<\/tr>\n<tr>\n<td>RK-4848-DD<\/td>\n<td>R1&#8243;1\/2-11<\/td>\n<td>78<\/td>\n<td>43<\/td>\n<td>60<\/td>\n<\/tr>\n<\/tbody>\n<\/table>\n","protected":false},"featured_media":7095,"template":"","meta":[],"product_cat":[47,112],"product_tag":[161,151,150,175,174,216,255,224,206,225],"class_list":{"0":"post-7093","1":"product","2":"type-product","3":"status-publish","4":"has-post-thumbnail","6":"product_cat-tum-urunleri","7":"product_cat-hidrolik-rekorlar","8":"product_tag-1-2","9":"product_tag-1-4","10":"product_tag-1-8","11":"product_tag-3-4","12":"product_tag-3-8","13":"product_tag-hidrolik","14":"product_tag-hidrolik-dirsek","15":"product_tag-hidrolik-rekor","16":"product_tag-rekor","17":"product_tag-rekorsan","19":"first","20":"instock","21":"shipping-taxable","22":"product-type-simple"},"_links":{"self":[{"href":"https:\/\/novahidrolik.com.tr\/index.php\/wp-json\/wp\/v2\/product\/7093","targetHints":{"allow":["GET"]}}],"collection":[{"href":"https:\/\/novahidrolik.com.tr\/index.php\/wp-json\/wp\/v2\/product"}],"about":[{"href":"https:\/\/novahidrolik.com.tr\/index.php\/wp-json\/wp\/v2\/types\/product"}],"version-history":[{"count":0,"href":"https:\/\/novahidrolik.com.tr\/index.php\/wp-json\/wp\/v2\/product\/7093\/revisions"}],"wp:featuredmedia":[{"embeddable":true,"href":"https:\/\/novahidrolik.com.tr\/index.php\/wp-json\/wp\/v2\/media\/7095"}],"wp:attachment":[{"href":"https:\/\/novahidrolik.com.tr\/index.php\/wp-json\/wp\/v2\/media?parent=7093"}],"wp:term":[{"taxonomy":"product_cat","embeddable":true,"href":"https:\/\/novahidrolik.com.tr\/index.php\/wp-json\/wp\/v2\/product_cat?post=7093"},{"taxonomy":"product_tag","embeddable":true,"href":"https:\/\/novahidrolik.com.tr\/index.php\/wp-json\/wp\/v2\/product_tag?post=7093"}],"curies":[{"name":"wp","href":"https:\/\/api.w.org\/{rel}","templated":true}]}}