{"id":7101,"date":"2022-01-17T13:48:18","date_gmt":"2022-01-17T10:48:18","guid":{"rendered":"https:\/\/novahidrolik.com.tr\/?post_type=product&#038;p=7101"},"modified":"2022-01-17T13:48:18","modified_gmt":"2022-01-17T10:48:18","slug":"bsp-uzun-pfx-rediksiyon","status":"publish","type":"product","link":"https:\/\/novahidrolik.com.tr\/index.php\/urun\/bsp-uzun-pfx-rediksiyon\/","title":{"rendered":"BSP UZUN PFX RED\u0130KS\u0130YON"},"content":{"rendered":"","protected":false},"excerpt":{"rendered":"<table class=\"table table-striped\" cellspacing=\"0\">\n<tbody>\n<tr>\n<td colspan=\"6\"><strong>BSP UZUN PFX RED\u0130KS\u0130YON<\/strong><br \/>\nMALE BSP THREAD WITH ELASTOMERIC SEAL &#8211; FEMALE BSP THREAD<\/td>\n<\/tr>\n<tr>\n<td><strong>MALZEME KODU<\/strong><br \/>\nMATERIAL CODE<\/td>\n<td><strong>D\u0130\u015e \u00d6L\u00c7\u00dcS\u00dc<\/strong><br \/>\nTHREAD SIZE<br \/>\nT1<\/td>\n<td><strong>D\u0130\u015e \u00d6L\u00c7\u00dcS\u00dc<\/strong><br \/>\nTHREAD SIZE<br \/>\nT2<\/td>\n<td><strong>B<\/strong><\/td>\n<td><strong>C<\/strong><\/td>\n<td><strong>AA<\/strong><\/td>\n<\/tr>\n<tr>\n<td>RK-1010-URD<\/td>\n<td>R1\/8-28<\/td>\n<td>R1\/8-28<\/td>\n<td>23<\/td>\n<td>8<\/td>\n<td>14<\/td>\n<\/tr>\n<tr>\n<td>RK-1013-URD<\/td>\n<td>R1\/8-28<\/td>\n<td>R1\/4-19<\/td>\n<td>31<\/td>\n<td>8<\/td>\n<td>19<\/td>\n<\/tr>\n<tr>\n<td>RK-1310-URD<\/td>\n<td>R1\/4-19<\/td>\n<td>R1\/8-28<\/td>\n<td>28<\/td>\n<td>12<\/td>\n<td>19<\/td>\n<\/tr>\n<tr>\n<td>RK-1313-URD<\/td>\n<td>R1\/4-19<\/td>\n<td>R1\/4-19<\/td>\n<td>35<\/td>\n<td>12<\/td>\n<td>19<\/td>\n<\/tr>\n<tr>\n<td>RK-1317-URD<\/td>\n<td>R1\/4-19<\/td>\n<td>R3\/8-19<\/td>\n<td>36<\/td>\n<td>12<\/td>\n<td>24<\/td>\n<\/tr>\n<tr>\n<td>RK-1321-URD<\/td>\n<td>R1\/4-19<\/td>\n<td>R1\/2-14<\/td>\n<td>40<\/td>\n<td>12<\/td>\n<td>30<\/td>\n<\/tr>\n<tr>\n<td>RK-1713-URD<\/td>\n<td>R3\/8-19<\/td>\n<td>R1\/4-19<\/td>\n<td>36<\/td>\n<td>12<\/td>\n<td>22<\/td>\n<\/tr>\n<tr>\n<td>RK-1717-URD<\/td>\n<td>R3\/8-19<\/td>\n<td>R3\/8-19<\/td>\n<td>36<\/td>\n<td>12<\/td>\n<td>22<\/td>\n<\/tr>\n<tr>\n<td>RK-1721-URD<\/td>\n<td>R3\/8-19<\/td>\n<td>R1\/2-14<\/td>\n<td>41<\/td>\n<td>12<\/td>\n<td>30<\/td>\n<\/tr>\n<tr>\n<td>RK-1726-URD<\/td>\n<td>R3\/8-19<\/td>\n<td>R3\/4-14<\/td>\n<td>44<\/td>\n<td>12<\/td>\n<td>36<\/td>\n<\/tr>\n<tr>\n<td>RK-2117-URD<\/td>\n<td>R1\/2-14<\/td>\n<td>R3\/8-19<\/td>\n<td>36<\/td>\n<td>14<\/td>\n<td>27<\/td>\n<\/tr>\n<tr>\n<td>RK-2121-URD<\/td>\n<td>R1\/2-14<\/td>\n<td>R1\/2-14<\/td>\n<td>39<\/td>\n<td>14<\/td>\n<td>27<\/td>\n<\/tr>\n<tr>\n<td>RK-2126-URD<\/td>\n<td>R1\/2-14<\/td>\n<td>R3\/4-14<\/td>\n<td>46<\/td>\n<td>14<\/td>\n<td>36<\/td>\n<\/tr>\n<tr>\n<td>RK-2133-URD<\/td>\n<td>R1\/2-14<\/td>\n<td>R1&#8243;-11<\/td>\n<td>49<\/td>\n<td>14<\/td>\n<td>41<\/td>\n<\/tr>\n<tr>\n<td>RK-2621-URD<\/td>\n<td>R3\/4-14<\/td>\n<td>R1\/2-14<\/td>\n<td>41<\/td>\n<td>16<\/td>\n<td>32<\/td>\n<\/tr>\n<tr>\n<td>RK-2626-URD<\/td>\n<td>R3\/4-14<\/td>\n<td>R3\/4-14<\/td>\n<td>43.5<\/td>\n<td>16<\/td>\n<td>36<\/td>\n<\/tr>\n<tr>\n<td>RK-2633-URD<\/td>\n<td>R3\/4-14<\/td>\n<td>R1&#8243;-11<\/td>\n<td>51<\/td>\n<td>16<\/td>\n<td>41<\/td>\n<\/tr>\n<tr>\n<td>RK-2642-URD<\/td>\n<td>R3\/4-14<\/td>\n<td>R1&#8243;1\/4-11<\/td>\n<td>55<\/td>\n<td>16<\/td>\n<td>55<\/td>\n<\/tr>\n<tr>\n<td>RK-3326-URD<\/td>\n<td>R1&#8243;-11<\/td>\n<td>R3\/4-14<\/td>\n<td>49<\/td>\n<td>18<\/td>\n<td>41<\/td>\n<\/tr>\n<tr>\n<td>RK-3342-URD<\/td>\n<td>R1&#8243;-11<\/td>\n<td>R1&#8243;1\/4-11<\/td>\n<td>57<\/td>\n<td>18<\/td>\n<td>55<\/td>\n<\/tr>\n<tr>\n<td>RK-3348-URD<\/td>\n<td>R1&#8243;-11<\/td>\n<td>R1&#8243;1\/2-11<\/td>\n<td>59<\/td>\n<td>18<\/td>\n<td>60<\/td>\n<\/tr>\n<tr>\n<td>RK-4233-URD<\/td>\n<td>R1&#8243;1\/4-11<\/td>\n<td>R1&#8243;-11<\/td>\n<td>52<\/td>\n<td>20<\/td>\n<td>50<\/td>\n<\/tr>\n<tr>\n<td>RK-4248-URD<\/td>\n<td>R1&#8243;1\/4-11<\/td>\n<td>R1&#8243;1\/2-11<\/td>\n<td>60<\/td>\n<td>20<\/td>\n<td>60<\/td>\n<\/tr>\n<tr>\n<td>RK-4842-URD<\/td>\n<td>R1&#8243;1\/2-11<\/td>\n<td>R1&#8243;1\/4-11<\/td>\n<td>58<\/td>\n<td>22<\/td>\n<td>55<\/td>\n<\/tr>\n<\/tbody>\n<\/table>\n","protected":false},"featured_media":7104,"template":"","meta":[],"product_cat":[47,112],"product_tag":[161,151,150,175,174,216,224,206,225],"class_list":{"0":"post-7101","1":"product","2":"type-product","3":"status-publish","4":"has-post-thumbnail","6":"product_cat-tum-urunleri","7":"product_cat-hidrolik-rekorlar","8":"product_tag-1-2","9":"product_tag-1-4","10":"product_tag-1-8","11":"product_tag-3-4","12":"product_tag-3-8","13":"product_tag-hidrolik","14":"product_tag-hidrolik-rekor","15":"product_tag-rekor","16":"product_tag-rekorsan","18":"first","19":"instock","20":"shipping-taxable","21":"product-type-simple"},"_links":{"self":[{"href":"https:\/\/novahidrolik.com.tr\/index.php\/wp-json\/wp\/v2\/product\/7101","targetHints":{"allow":["GET"]}}],"collection":[{"href":"https:\/\/novahidrolik.com.tr\/index.php\/wp-json\/wp\/v2\/product"}],"about":[{"href":"https:\/\/novahidrolik.com.tr\/index.php\/wp-json\/wp\/v2\/types\/product"}],"version-history":[{"count":0,"href":"https:\/\/novahidrolik.com.tr\/index.php\/wp-json\/wp\/v2\/product\/7101\/revisions"}],"wp:featuredmedia":[{"embeddable":true,"href":"https:\/\/novahidrolik.com.tr\/index.php\/wp-json\/wp\/v2\/media\/7104"}],"wp:attachment":[{"href":"https:\/\/novahidrolik.com.tr\/index.php\/wp-json\/wp\/v2\/media?parent=7101"}],"wp:term":[{"taxonomy":"product_cat","embeddable":true,"href":"https:\/\/novahidrolik.com.tr\/index.php\/wp-json\/wp\/v2\/product_cat?post=7101"},{"taxonomy":"product_tag","embeddable":true,"href":"https:\/\/novahidrolik.com.tr\/index.php\/wp-json\/wp\/v2\/product_tag?post=7101"}],"curies":[{"name":"wp","href":"https:\/\/api.w.org\/{rel}","templated":true}]}}