{"id":7122,"date":"2022-01-17T14:09:16","date_gmt":"2022-01-17T11:09:16","guid":{"rendered":"https:\/\/novahidrolik.com.tr\/?post_type=product&#038;p=7122"},"modified":"2022-01-17T14:09:16","modified_gmt":"2022-01-17T11:09:16","slug":"bsp-metrik-doner-dirsek","status":"publish","type":"product","link":"https:\/\/novahidrolik.com.tr\/index.php\/urun\/bsp-metrik-doner-dirsek\/","title":{"rendered":"BSP &#8211; METR\u0130K D\u00d6NER D\u0130RSEK"},"content":{"rendered":"","protected":false},"excerpt":{"rendered":"<div class=\"col-lg-6\">\n<div class=\"bilgiler\">\n<table class=\"table table-striped\" cellspacing=\"0\">\n<tbody>\n<tr>\n<td colspan=\"12\"><strong>BSP &#8211; METR\u0130K D\u00d6NER D\u0130RSEK<\/strong><br \/>\nMETRIC 24\u00b0 CONE &#8211; MALE BSP STUD BANJO ELBOW<\/td>\n<\/tr>\n<tr>\n<td><strong>MALZEME KODU<\/strong><br \/>\nMATERIAL CODE<\/td>\n<td><strong>D\u0130\u015e \u00d6L\u00c7\u00dcS\u00dc<\/strong><br \/>\nTHREAD SIZE<br \/>\nT1<\/td>\n<td><strong>D\u0130\u015e \u00d6L\u00c7\u00dcS\u00dc<\/strong><br \/>\nTHREAD SIZE<br \/>\nT2<\/td>\n<td><strong>\u00d8D<\/strong><\/td>\n<td><strong>\u00d8D1<\/strong><\/td>\n<td><strong>\u00d8D2<\/strong><\/td>\n<td><strong>\u00d8D3<\/strong><\/td>\n<td><strong>B<\/strong><\/td>\n<td><strong>C<\/strong><\/td>\n<td><strong>E<\/strong><\/td>\n<td><strong>A1<\/strong><\/td>\n<td><strong>A2<\/strong><\/td>\n<\/tr>\n<tr>\n<td colspan=\"12\"><strong>L T\u0130P\u0130 \/ L TYPE<\/strong><\/td>\n<\/tr>\n<tr>\n<td>RK-1006-RMDD-L<\/td>\n<td>R1\/8-28<\/td>\n<td>M12x1,5\u00a0\u00a0\u00a0\u00a0\u00a0 6L<\/td>\n<td>6<\/td>\n<td>4<\/td>\n<td>4.5<\/td>\n<td>14<\/td>\n<td>12<\/td>\n<td>25<\/td>\n<td>10.5<\/td>\n<td>17<\/td>\n<td>14<\/td>\n<\/tr>\n<tr>\n<td>RK-1008-RMDD-L<\/td>\n<td>R1\/8-28<\/td>\n<td>M14x1,5\u00a0\u00a0\u00a0\u00a0\u00a0 8L<\/td>\n<td>8<\/td>\n<td>6<\/td>\n<td>4.5<\/td>\n<td>14<\/td>\n<td>12<\/td>\n<td>25<\/td>\n<td>10.5<\/td>\n<td>17<\/td>\n<td>14<\/td>\n<\/tr>\n<tr>\n<td>RK-1306-RMDD-L<\/td>\n<td>R1\/4-19<\/td>\n<td>M12x1,5\u00a0\u00a0\u00a0\u00a0\u00a0 6L<\/td>\n<td>6<\/td>\n<td>4<\/td>\n<td>5<\/td>\n<td>17.5<\/td>\n<td>14.5<\/td>\n<td>29.5<\/td>\n<td>14<\/td>\n<td>22<\/td>\n<td>19<\/td>\n<\/tr>\n<tr>\n<td>RK-1308-RMDD-L<\/td>\n<td>R1\/4-19<\/td>\n<td>M14x1,5\u00a0\u00a0\u00a0\u00a0\u00a0 8L<\/td>\n<td>8<\/td>\n<td>6<\/td>\n<td>5<\/td>\n<td>17.5<\/td>\n<td>14.5<\/td>\n<td>29.5<\/td>\n<td>14<\/td>\n<td>22<\/td>\n<td>19<\/td>\n<\/tr>\n<tr>\n<td>RK-1310-RMDD-L<\/td>\n<td>R1\/4-19<\/td>\n<td>M16x1,5\u00a0\u00a0\u00a0 10L<\/td>\n<td>10<\/td>\n<td>8<\/td>\n<td>5<\/td>\n<td>17.5<\/td>\n<td>16<\/td>\n<td>29.5<\/td>\n<td>14<\/td>\n<td>22<\/td>\n<td>19<\/td>\n<\/tr>\n<tr>\n<td>RK-1312-RMDD-L<\/td>\n<td>R1\/4-19<\/td>\n<td>M18x1,5\u00a0\u00a0\u00a0 12L<\/td>\n<td>12<\/td>\n<td>10<\/td>\n<td>5<\/td>\n<td>17.5<\/td>\n<td>16.5<\/td>\n<td>29.5<\/td>\n<td>14<\/td>\n<td>22<\/td>\n<td>19<\/td>\n<\/tr>\n<tr>\n<td>RK-1706-RMDD-L<\/td>\n<td>R3\/8-19<\/td>\n<td>M12x1,5\u00a0\u00a0\u00a0\u00a0\u00a0 6L<\/td>\n<td>6<\/td>\n<td>4<\/td>\n<td>8<\/td>\n<td>21.5<\/td>\n<td>17.5<\/td>\n<td>35.5<\/td>\n<td>16.5<\/td>\n<td>27<\/td>\n<td>22<\/td>\n<\/tr>\n<tr>\n<td>RK-1708-RMDD-L<\/td>\n<td>R3\/8-19<\/td>\n<td>M14x1,5\u00a0\u00a0\u00a0\u00a0\u00a0 8L<\/td>\n<td>8<\/td>\n<td>6<\/td>\n<td>8<\/td>\n<td>21.5<\/td>\n<td>17.5<\/td>\n<td>35.5<\/td>\n<td>16.5<\/td>\n<td>27<\/td>\n<td>22<\/td>\n<\/tr>\n<tr>\n<td>RK-1710-RMDD-L<\/td>\n<td>R3\/8-19<\/td>\n<td>M16x1,5\u00a0\u00a0\u00a0 10L<\/td>\n<td>10<\/td>\n<td>8<\/td>\n<td>8<\/td>\n<td>21.5<\/td>\n<td>18<\/td>\n<td>35.5<\/td>\n<td>16.5<\/td>\n<td>27<\/td>\n<td>22<\/td>\n<\/tr>\n<tr>\n<td>RK-1712-RMDD-L<\/td>\n<td>R3\/8-19<\/td>\n<td>M18x1,5\u00a0\u00a0\u00a0 12L<\/td>\n<td>12<\/td>\n<td>10<\/td>\n<td>8<\/td>\n<td>21.5<\/td>\n<td>18<\/td>\n<td>35.5<\/td>\n<td>16.5<\/td>\n<td>27<\/td>\n<td>22<\/td>\n<\/tr>\n<tr>\n<td>RK-2110-RMDD-L<\/td>\n<td>R1\/2-14<\/td>\n<td>M16x1,5\u00a0\u00a0\u00a0 10L<\/td>\n<td>10<\/td>\n<td>8<\/td>\n<td>11<\/td>\n<td>27<\/td>\n<td>21<\/td>\n<td>45<\/td>\n<td>21.5<\/td>\n<td>32<\/td>\n<td>27<\/td>\n<\/tr>\n<tr>\n<td>RK-2112-RMDD-L<\/td>\n<td>R1\/2-14<\/td>\n<td>M18x1,5\u00a0\u00a0\u00a0 12L<\/td>\n<td>12<\/td>\n<td>10<\/td>\n<td>11<\/td>\n<td>27<\/td>\n<td>21<\/td>\n<td>45<\/td>\n<td>21.5<\/td>\n<td>32<\/td>\n<td>27<\/td>\n<\/tr>\n<tr>\n<td>RK-2115-RMDD-L<\/td>\n<td>R1\/2-14<\/td>\n<td>M22x1,5\u00a0\u00a0\u00a0 15L<\/td>\n<td>15<\/td>\n<td>12<\/td>\n<td>11<\/td>\n<td>27<\/td>\n<td>21.5<\/td>\n<td>45<\/td>\n<td>21.5<\/td>\n<td>32<\/td>\n<td>27<\/td>\n<\/tr>\n<tr>\n<td>RK-2118-RMDD-L<\/td>\n<td>R1\/2-14<\/td>\n<td>M26x1,5\u00a0\u00a0\u00a0 18L<\/td>\n<td>18<\/td>\n<td>15<\/td>\n<td>11<\/td>\n<td>27<\/td>\n<td>21<\/td>\n<td>45<\/td>\n<td>21.5<\/td>\n<td>32<\/td>\n<td>27<\/td>\n<\/tr>\n<tr>\n<td>RK-2618-RMDD-L<\/td>\n<td>R3\/4-14<\/td>\n<td>M26x1,5\u00a0\u00a0\u00a0 18L<\/td>\n<td>18<\/td>\n<td>15<\/td>\n<td>15<\/td>\n<td>32.5<\/td>\n<td>26.5<\/td>\n<td>53<\/td>\n<td>24<\/td>\n<td>41<\/td>\n<td>32<\/td>\n<\/tr>\n<tr>\n<td>RK-2622-RMDD-L<\/td>\n<td>R3\/4-14<\/td>\n<td>M30x2\u00a0\u00a0\u00a0\u00a0\u00a0\u00a0 22L<\/td>\n<td>22<\/td>\n<td>19<\/td>\n<td>15<\/td>\n<td>32.5<\/td>\n<td>27.5<\/td>\n<td>53<\/td>\n<td>24<\/td>\n<td>41<\/td>\n<td>32<\/td>\n<\/tr>\n<tr>\n<td>RK-3328-RMDD-L<\/td>\n<td>R1&#8243;-11<\/td>\n<td>M36x2\u00a0\u00a0\u00a0\u00a0\u00a0\u00a0 28L<\/td>\n<td>28<\/td>\n<td>24<\/td>\n<td>17.5<\/td>\n<td>39.5<\/td>\n<td>32<\/td>\n<td>63<\/td>\n<td>30.5<\/td>\n<td>50<\/td>\n<td>41<\/td>\n<\/tr>\n<tr>\n<td>RK-4235-RMDD-L<\/td>\n<td>R1&#8243;1\/4-11<\/td>\n<td>M45x2\u00a0\u00a0\u00a0\u00a0\u00a0\u00a0 35L<\/td>\n<td>35<\/td>\n<td>30<\/td>\n<td>24.5<\/td>\n<td>49<\/td>\n<td>36<\/td>\n<td>74<\/td>\n<td>35.5<\/td>\n<td>60<\/td>\n<td>50<\/td>\n<\/tr>\n<tr>\n<td>RK-4842-RMDD-L<\/td>\n<td>R1&#8243;1\/2-11<\/td>\n<td>M52x2\u00a0\u00a0\u00a0\u00a0\u00a0\u00a0 42L<\/td>\n<td>42<\/td>\n<td>36<\/td>\n<td>30<\/td>\n<td>56<\/td>\n<td>40.5<\/td>\n<td>87<\/td>\n<td>42.5<\/td>\n<td>65<\/td>\n<td>55<\/td>\n<\/tr>\n<tr>\n<td colspan=\"12\"><strong>S T\u0130P\u0130 \/ S TYPE<\/strong><\/td>\n<\/tr>\n<tr>\n<td>RK-1306-RMDD-S<\/td>\n<td>R1\/4-19<\/td>\n<td>M14x1,5\u00a0\u00a0\u00a0\u00a0\u00a0\u00a0\u00a0 6S<\/td>\n<td>6<\/td>\n<td>4<\/td>\n<td>5<\/td>\n<td>17.5<\/td>\n<td>16.5<\/td>\n<td>29.5<\/td>\n<td>14<\/td>\n<td>22<\/td>\n<td>19<\/td>\n<\/tr>\n<tr>\n<td>RK-1308-RMDD-S<\/td>\n<td>R1\/4-19<\/td>\n<td>M16x1,5\u00a0\u00a0\u00a0\u00a0\u00a0\u00a0\u00a0 8S<\/td>\n<td>8<\/td>\n<td>5<\/td>\n<td>5<\/td>\n<td>17.5<\/td>\n<td>16.5<\/td>\n<td>29.5<\/td>\n<td>14<\/td>\n<td>22<\/td>\n<td>19<\/td>\n<\/tr>\n<tr>\n<td>RK-1710-RMDD-S<\/td>\n<td>R3\/8-19<\/td>\n<td>M18x1,5\u00a0\u00a0\u00a0\u00a0\u00a0 10S<\/td>\n<td>10<\/td>\n<td>7<\/td>\n<td>8<\/td>\n<td>21.5<\/td>\n<td>18.5<\/td>\n<td>35.5<\/td>\n<td>16.5<\/td>\n<td>27<\/td>\n<td>22<\/td>\n<\/tr>\n<tr>\n<td>RK-1712-RMDD-S<\/td>\n<td>R3\/8-19<\/td>\n<td>M20x1,5\u00a0\u00a0\u00a0\u00a0\u00a0 12S<\/td>\n<td>12<\/td>\n<td>8<\/td>\n<td>8<\/td>\n<td>21.5<\/td>\n<td>19<\/td>\n<td>35.5<\/td>\n<td>16.5<\/td>\n<td>27<\/td>\n<td>22<\/td>\n<\/tr>\n<tr>\n<td>RK-2112-RMDD-S<\/td>\n<td>R1\/2-14<\/td>\n<td>M20x1,5\u00a0\u00a0\u00a0\u00a0\u00a0 12S<\/td>\n<td>12<\/td>\n<td>8<\/td>\n<td>11<\/td>\n<td>27<\/td>\n<td>21<\/td>\n<td>45<\/td>\n<td>21.5<\/td>\n<td>32<\/td>\n<td>27<\/td>\n<\/tr>\n<tr>\n<td>RK-2116-RMDD-S<\/td>\n<td>R1\/2-14<\/td>\n<td>M24x1,5\u00a0\u00a0\u00a0\u00a0\u00a0 16S<\/td>\n<td>16<\/td>\n<td>12<\/td>\n<td>11<\/td>\n<td>27<\/td>\n<td>22<\/td>\n<td>45<\/td>\n<td>21.5<\/td>\n<td>32<\/td>\n<td>27<\/td>\n<\/tr>\n<tr>\n<td>RK-2120-RMDD-S<\/td>\n<td>R1\/2-14<\/td>\n<td>M30x2\u00a0\u00a0\u00a0\u00a0\u00a0\u00a0\u00a0\u00a0 20S<\/td>\n<td>20<\/td>\n<td>16<\/td>\n<td>11<\/td>\n<td>27<\/td>\n<td>23<\/td>\n<td>46<\/td>\n<td>23<\/td>\n<td>35<\/td>\n<td>27<\/td>\n<\/tr>\n<tr>\n<td>RK-2616-RMDD-S<\/td>\n<td>R3\/4-14<\/td>\n<td>M24x1,5\u00a0\u00a0\u00a0\u00a0\u00a0 16S<\/td>\n<td>16<\/td>\n<td>12<\/td>\n<td>15<\/td>\n<td>32.5<\/td>\n<td>27<\/td>\n<td>53<\/td>\n<td>24<\/td>\n<td>41<\/td>\n<td>32<\/td>\n<\/tr>\n<tr>\n<td>RK-2620-RMDD-S<\/td>\n<td>R3\/4-14<\/td>\n<td>M30x2\u00a0\u00a0\u00a0\u00a0\u00a0\u00a0\u00a0\u00a0 20S<\/td>\n<td>20<\/td>\n<td>16<\/td>\n<td>15<\/td>\n<td>32.5<\/td>\n<td>26.5<\/td>\n<td>53<\/td>\n<td>24<\/td>\n<td>41<\/td>\n<td>32<\/td>\n<\/tr>\n<tr>\n<td>RK-3320-RMDD-S<\/td>\n<td>R1&#8243;-11<\/td>\n<td>M30x2\u00a0\u00a0\u00a0\u00a0\u00a0\u00a0\u00a0\u00a0 20S<\/td>\n<td>20<\/td>\n<td>16<\/td>\n<td>17.5<\/td>\n<td>39.5<\/td>\n<td>31.5<\/td>\n<td>63<\/td>\n<td>30.5<\/td>\n<td>50<\/td>\n<td>41<\/td>\n<\/tr>\n<tr>\n<td>RK-3325-RMDD-S<\/td>\n<td>R1&#8243;-11<\/td>\n<td>M36x2\u00a0\u00a0\u00a0\u00a0\u00a0\u00a0\u00a0\u00a0 25S<\/td>\n<td>25<\/td>\n<td>20<\/td>\n<td>17.5<\/td>\n<td>39.5<\/td>\n<td>31.5<\/td>\n<td>63<\/td>\n<td>30.5<\/td>\n<td>50<\/td>\n<td>41<\/td>\n<\/tr>\n<tr>\n<td>RK-4230-RMDD-S<\/td>\n<td>R1&#8243;1\/4-11<\/td>\n<td>M42x2\u00a0\u00a0\u00a0\u00a0\u00a0\u00a0\u00a0\u00a0 30S<\/td>\n<td>30<\/td>\n<td>25<\/td>\n<td>24.5<\/td>\n<td>49<\/td>\n<td>37<\/td>\n<td>74<\/td>\n<td>35.5<\/td>\n<td>60<\/td>\n<td>50<\/td>\n<\/tr>\n<tr>\n<td>RK-4838-RMDD-S<\/td>\n<td>R1&#8243;1\/2-11<\/td>\n<td>M52x2\u00a0\u00a0\u00a0\u00a0\u00a0\u00a0\u00a0\u00a0 38S<\/td>\n<td>38<\/td>\n<td>32<\/td>\n<td>30<\/td>\n<td>56<\/td>\n<td>39<\/td>\n<td>87<\/td>\n<td>42.5<\/td>\n<td>65<\/td>\n<td>55<\/td>\n<\/tr>\n<\/tbody>\n<\/table>\n<\/div>\n<\/div>\n<div class=\"col-lg-12\">\n<hr \/>\n<\/div>\n","protected":false},"featured_media":7124,"template":"","meta":[],"product_cat":[47,112],"product_tag":[161,151,150,175,174,216,224,226,229,228,232,231,230,206,225],"class_list":{"0":"post-7122","1":"product","2":"type-product","3":"status-publish","4":"has-post-thumbnail","6":"product_cat-tum-urunleri","7":"product_cat-hidrolik-rekorlar","8":"product_tag-1-2","9":"product_tag-1-4","10":"product_tag-1-8","11":"product_tag-3-4","12":"product_tag-3-8","13":"product_tag-hidrolik","14":"product_tag-hidrolik-rekor","15":"product_tag-m12","16":"product_tag-m14","17":"product_tag-m16","18":"product_tag-m18","19":"product_tag-m22","20":"product_tag-m30","21":"product_tag-rekor","22":"product_tag-rekorsan","24":"first","25":"instock","26":"shipping-taxable","27":"product-type-simple"},"_links":{"self":[{"href":"https:\/\/novahidrolik.com.tr\/index.php\/wp-json\/wp\/v2\/product\/7122","targetHints":{"allow":["GET"]}}],"collection":[{"href":"https:\/\/novahidrolik.com.tr\/index.php\/wp-json\/wp\/v2\/product"}],"about":[{"href":"https:\/\/novahidrolik.com.tr\/index.php\/wp-json\/wp\/v2\/types\/product"}],"version-history":[{"count":0,"href":"https:\/\/novahidrolik.com.tr\/index.php\/wp-json\/wp\/v2\/product\/7122\/revisions"}],"wp:featuredmedia":[{"embeddable":true,"href":"https:\/\/novahidrolik.com.tr\/index.php\/wp-json\/wp\/v2\/media\/7124"}],"wp:attachment":[{"href":"https:\/\/novahidrolik.com.tr\/index.php\/wp-json\/wp\/v2\/media?parent=7122"}],"wp:term":[{"taxonomy":"product_cat","embeddable":true,"href":"https:\/\/novahidrolik.com.tr\/index.php\/wp-json\/wp\/v2\/product_cat?post=7122"},{"taxonomy":"product_tag","embeddable":true,"href":"https:\/\/novahidrolik.com.tr\/index.php\/wp-json\/wp\/v2\/product_tag?post=7122"}],"curies":[{"name":"wp","href":"https:\/\/api.w.org\/{rel}","templated":true}]}}