{"id":7132,"date":"2022-01-17T14:39:30","date_gmt":"2022-01-17T11:39:30","guid":{"rendered":"https:\/\/novahidrolik.com.tr\/?post_type=product&#038;p=7132"},"modified":"2022-01-17T14:39:30","modified_gmt":"2022-01-17T11:39:30","slug":"yuksek-basincli-su-hortumu","status":"publish","type":"product","link":"https:\/\/novahidrolik.com.tr\/index.php\/urun\/yuksek-basincli-su-hortumu\/","title":{"rendered":"Y\u00dcKSEK BASIN\u00c7LI SU HORTUMU"},"content":{"rendered":"<p><strong>Alt Kat :\u00a0\u00a0\u00a0<\/strong>\u00a0\u00a0\u00a0\u00a0\u00a0\u00a0\u00a0\u00a0\u00a0\u00a0\u00a0\u00a0\u00a0\u00a0\u00a0\u00a0\u00a0\u00a0\u00a0\u00a0\u00a0\u00a0\u00a0Tabii ve sentetik kau\u00e7uk<br \/>\n<strong>Takviye :<\/strong> \u00a0\u00a0\u00a0\u00a0\u00a0\u00a0\u00a0\u00a0\u00a0\u00a0\u00a0\u00a0\u00a0\u00a0\u00a0\u00a0\u00a0\u00a0\u00a0\u00a0\u00a0\u00a0\u00a0\u00a0Y\u00fcksek mukavemetli sentetik tekstil<br \/>\n<strong>\u00dcst Kat :<\/strong> \u00a0\u00a0\u00a0\u00a0\u00a0\u00a0\u00a0\u00a0\u00a0\u00a0\u00a0\u00a0\u00a0\u00a0\u00a0\u00a0\u00a0\u00a0\u00a0\u00a0\u00a0\u00a0\u00a0\u00a0\u00a0A\u015f\u0131nma ve her t\u00fcrl\u00fc hava \u015fartlar\u0131na dayan\u0131kl\u0131 sentetik kau\u00e7uk<\/p>\n<p><strong><img loading=\"lazy\" decoding=\"async\" src=\"https:\/\/www.asilhortum.com.tr\/hortumlar\/su-hortumu\/calisma-derecesi.jpg\" width=\"132\" height=\"35\" \/>\u00a0-25 \u00baC \/ +70 \u00baC<\/strong><\/p>\n","protected":false},"excerpt":{"rendered":"<table class=\"table table-hover\">\n<tbody>\n<tr>\n<td colspan=\"2\" bgcolor=\"#CCCCCC\">\n<h6>\u0130\u00e7 \u00c7ap<\/h6>\n<\/td>\n<td bgcolor=\"#CCCCCC\">\n<h6>D\u0131\u015f \u00c7ap<\/h6>\n<\/td>\n<td bgcolor=\"#CCCCCC\">\n<h6>\u00c7al\u0131\u015fma\u00a0Bas\u0131nc\u0131<\/h6>\n<\/td>\n<td bgcolor=\"#CCCCCC\">\n<h6>Patlama Bas\u0131nc\u0131<\/h6>\n<\/td>\n<\/tr>\n<tr>\n<td bgcolor=\"#CCCCCC\">\n<h6 class=\"style84\" align=\"center\">\u0130nch<\/h6>\n<\/td>\n<td bgcolor=\"#CCCCCC\">\n<h6 class=\"style84\" align=\"center\">mm<\/h6>\n<\/td>\n<td bgcolor=\"#CCCCCC\">\n<h6 class=\"style84\" align=\"center\">mm<\/h6>\n<\/td>\n<td bgcolor=\"#CCCCCC\">\n<h6 class=\"style84\" align=\"center\">Bar<\/h6>\n<\/td>\n<td bgcolor=\"#CCCCCC\">\n<h6 class=\"style84\" align=\"center\">Bar<\/h6>\n<\/td>\n<\/tr>\n<tr>\n<td>\n<h6 class=\"style84\" align=\"center\"><strong>1\/2<\/strong><\/h6>\n<\/td>\n<td>\n<h6 class=\"style84\" align=\"center\"><strong>12.7<\/strong><\/h6>\n<\/td>\n<td>\n<div class=\"style97\" align=\"center\">21<\/div>\n<\/td>\n<td>\n<div class=\"style97\" align=\"center\">25<\/div>\n<\/td>\n<td>\n<div class=\"style97\" align=\"center\">100<\/div>\n<\/td>\n<\/tr>\n<tr>\n<td>\n<h6 class=\"style84\" align=\"center\"><strong>5\/8<\/strong><\/h6>\n<\/td>\n<td>\n<h6 class=\"style84\" align=\"center\"><strong>16<\/strong><\/h6>\n<\/td>\n<td>\n<div class=\"style97\" align=\"center\">26<\/div>\n<\/td>\n<td>\n<div class=\"style97\" align=\"center\">25<\/div>\n<\/td>\n<td>\n<div class=\"style97\" align=\"center\">100<\/div>\n<\/td>\n<\/tr>\n<tr>\n<td>\n<h6 class=\"style84\" align=\"center\"><strong>3\/4<\/strong><\/h6>\n<\/td>\n<td>\n<h6 class=\"style84\" align=\"center\"><strong>19<\/strong><\/h6>\n<\/td>\n<td>\n<div class=\"style97\" align=\"center\">29<\/div>\n<\/td>\n<td>\n<div class=\"style97\" align=\"center\">25<\/div>\n<\/td>\n<td>\n<div class=\"style97\" align=\"center\">100<\/div>\n<\/td>\n<\/tr>\n<tr>\n<td>\n<h6 class=\"style84\" align=\"center\"><strong>1&#8243;<\/strong><\/h6>\n<\/td>\n<td>\n<h6 class=\"style84\" align=\"center\"><strong>25.4<\/strong><\/h6>\n<\/td>\n<td>\n<div class=\"style97\" align=\"center\">36.5<\/div>\n<\/td>\n<td>\n<div class=\"style97\" align=\"center\">25<\/div>\n<\/td>\n<td>\n<div class=\"style97\" align=\"center\">100<\/div>\n<\/td>\n<\/tr>\n<tr>\n<td>\n<h6 class=\"style84\" align=\"center\"><strong>1 1\/4<\/strong><\/h6>\n<\/td>\n<td>\n<h6 class=\"style84\" align=\"center\"><strong>32<\/strong><\/h6>\n<\/td>\n<td>\n<div class=\"style97\" align=\"center\">41<\/div>\n<\/td>\n<td>\n<div class=\"style97\" align=\"center\">25<\/div>\n<\/td>\n<td>\n<div class=\"style97\" align=\"center\">100<\/div>\n<\/td>\n<\/tr>\n<tr>\n<td>\n<h6 class=\"style84\" align=\"center\"><strong>1 1\/2<\/strong><\/h6>\n<\/td>\n<td>\n<h6 class=\"style84\" align=\"center\"><strong>38<\/strong><\/h6>\n<\/td>\n<td>\n<div class=\"style97\" align=\"center\">51<\/div>\n<\/td>\n<td>\n<div class=\"style97\" align=\"center\">25<\/div>\n<\/td>\n<td>\n<div class=\"style97\" align=\"center\">100<\/div>\n<\/td>\n<\/tr>\n<tr>\n<td>\n<h6 class=\"style84\" align=\"center\"><strong>1 3\/4<\/strong><\/h6>\n<\/td>\n<td>\n<h6 class=\"style84\" align=\"center\"><strong>44.5<\/strong><\/h6>\n<\/td>\n<td>\n<div class=\"style97\" align=\"center\">58<\/div>\n<\/td>\n<td>\n<div class=\"style97\" align=\"center\">25<\/div>\n<\/td>\n<td>\n<div class=\"style97\" align=\"center\">100<\/div>\n<\/td>\n<\/tr>\n<tr>\n<td>\n<h6 align=\"center\"><strong>2&#8243;<\/strong><\/h6>\n<\/td>\n<td>\n<h6 align=\"center\"><strong>51<\/strong><\/h6>\n<\/td>\n<td>\n<div class=\"style97\" align=\"center\">65<\/div>\n<\/td>\n<td>\n<div class=\"style97\" align=\"center\">25<\/div>\n<\/td>\n<td>\n<div class=\"style97\" align=\"center\">100<\/div>\n<\/td>\n<\/tr>\n<tr>\n<td>\n<h6 align=\"center\"><strong>2 1\/2<\/strong><\/h6>\n<\/td>\n<td>\n<h6 align=\"center\"><strong>63.5<\/strong><\/h6>\n<\/td>\n<td>\n<div class=\"style97\" align=\"center\">79<\/div>\n<\/td>\n<td>\n<div class=\"style97\" align=\"center\">25<\/div>\n<\/td>\n<td>\n<div class=\"style97\" align=\"center\">100<\/div>\n<\/td>\n<\/tr>\n<tr>\n<td>\n<h6 align=\"center\"><strong>2 3\/4<\/strong><\/h6>\n<\/td>\n<td>\n<h6 align=\"center\"><strong>70<\/strong><\/h6>\n<\/td>\n<td>\n<div class=\"style97\" align=\"center\">87<\/div>\n<\/td>\n<td>\n<div class=\"style97\" align=\"center\">25<\/div>\n<\/td>\n<td>\n<div class=\"style97\" align=\"center\">100<\/div>\n<\/td>\n<\/tr>\n<tr>\n<td>\n<h6 align=\"center\"><strong>3&#8243;<\/strong><\/h6>\n<\/td>\n<td>\n<h6 align=\"center\"><strong>76.2<\/strong><\/h6>\n<\/td>\n<td>\n<div class=\"style97\" align=\"center\">93<\/div>\n<\/td>\n<td>\n<div class=\"style97\" align=\"center\">25<\/div>\n<\/td>\n<td>\n<div class=\"style97\" align=\"center\">100<\/div>\n<\/td>\n<\/tr>\n<tr>\n<td>\n<h6 align=\"center\"><strong>4&#8243;<\/strong><\/h6>\n<\/td>\n<td>\n<h6 align=\"center\"><strong>101.6<\/strong><\/h6>\n<\/td>\n<td>\n<div class=\"style97\" align=\"center\">119<\/div>\n<\/td>\n<td>\n<div class=\"style97\" align=\"center\">25<\/div>\n<\/td>\n<td>\n<div class=\"style97\" align=\"center\">100<\/div>\n<\/td>\n<\/tr>\n<tr>\n<td>\n<h6 align=\"center\"><strong>5&#8243;<\/strong><\/h6>\n<\/td>\n<td>\n<h6 align=\"center\"><strong>127<\/strong><\/h6>\n<\/td>\n<td>\n<div class=\"style97\" align=\"center\">146<\/div>\n<\/td>\n<td>\n<div class=\"style97\" align=\"center\">25<\/div>\n<\/td>\n<td>\n<div class=\"style97\" align=\"center\">100<\/div>\n<\/td>\n<\/tr>\n<tr>\n<td>\n<h6 align=\"center\"><strong>6&#8243;<\/strong><\/h6>\n<\/td>\n<td>\n<h6 align=\"center\"><strong>152.4<\/strong><\/h6>\n<\/td>\n<td>\n<div class=\"style97\" align=\"center\">171<\/div>\n<\/td>\n<td>\n<div class=\"style97\" align=\"center\">25<\/div>\n<\/td>\n<td>\n<div class=\"style97\" align=\"center\">100<\/div>\n<\/td>\n<\/tr>\n<tr>\n<td>\n<h6 align=\"center\"><strong>8&#8243;<\/strong><\/h6>\n<\/td>\n<td>\n<h6 align=\"center\"><strong>203.2<\/strong><\/h6>\n<\/td>\n<td>\n<div class=\"style97\" align=\"center\">231<\/div>\n<\/td>\n<td>\n<div class=\"style97\" align=\"center\">25<\/div>\n<\/td>\n<td>\n<div class=\"style97\" align=\"center\">100<\/div>\n<\/td>\n<\/tr>\n<tr>\n<td>\n<h6 align=\"center\"><strong>10&#8243;<\/strong><\/h6>\n<\/td>\n<td>\n<h6 align=\"center\"><strong>254<\/strong><\/h6>\n<\/td>\n<td>\n<div class=\"style97\" align=\"center\">286<\/div>\n<\/td>\n<td>\n<div class=\"style97\" align=\"center\">25<\/div>\n<\/td>\n<td>\n<div class=\"style97\" align=\"center\">100<\/div>\n<\/td>\n<\/tr>\n<\/tbody>\n<\/table>\n","protected":false},"featured_media":7133,"template":"","meta":[],"product_cat":[47,108,111],"product_tag":[161,265,264,175,260,261],"class_list":{"0":"post-7132","1":"product","2":"type-product","3":"status-publish","4":"has-post-thumbnail","6":"product_cat-tum-urunleri","7":"product_cat-hidrolik-hortum","8":"product_cat-su-hortumlari","9":"product_tag-1-2","10":"product_tag-265","11":"product_tag-100-bar","12":"product_tag-3-4","13":"product_tag-hidrolik-hortum","14":"product_tag-hortum","16":"first","17":"instock","18":"shipping-taxable","19":"product-type-simple"},"_links":{"self":[{"href":"https:\/\/novahidrolik.com.tr\/index.php\/wp-json\/wp\/v2\/product\/7132","targetHints":{"allow":["GET"]}}],"collection":[{"href":"https:\/\/novahidrolik.com.tr\/index.php\/wp-json\/wp\/v2\/product"}],"about":[{"href":"https:\/\/novahidrolik.com.tr\/index.php\/wp-json\/wp\/v2\/types\/product"}],"version-history":[{"count":0,"href":"https:\/\/novahidrolik.com.tr\/index.php\/wp-json\/wp\/v2\/product\/7132\/revisions"}],"wp:featuredmedia":[{"embeddable":true,"href":"https:\/\/novahidrolik.com.tr\/index.php\/wp-json\/wp\/v2\/media\/7133"}],"wp:attachment":[{"href":"https:\/\/novahidrolik.com.tr\/index.php\/wp-json\/wp\/v2\/media?parent=7132"}],"wp:term":[{"taxonomy":"product_cat","embeddable":true,"href":"https:\/\/novahidrolik.com.tr\/index.php\/wp-json\/wp\/v2\/product_cat?post=7132"},{"taxonomy":"product_tag","embeddable":true,"href":"https:\/\/novahidrolik.com.tr\/index.php\/wp-json\/wp\/v2\/product_tag?post=7132"}],"curies":[{"name":"wp","href":"https:\/\/api.w.org\/{rel}","templated":true}]}}