{"id":7135,"date":"2022-01-17T14:43:31","date_gmt":"2022-01-17T11:43:31","guid":{"rendered":"https:\/\/novahidrolik.com.tr\/?post_type=product&#038;p=7135"},"modified":"2022-01-17T14:43:31","modified_gmt":"2022-01-17T11:43:31","slug":"hafif-hizmet-hava-hortumu","status":"publish","type":"product","link":"https:\/\/novahidrolik.com.tr\/index.php\/urun\/hafif-hizmet-hava-hortumu\/","title":{"rendered":"HAF\u0130F H\u0130ZMET HAVA HORTUMU"},"content":{"rendered":"<p><strong>Kullan\u0131m Alanlar\u0131 :<\/strong> \u00a0\u00a0\u00a0\u00a0\u00a0Hava ile \u00e7al\u0131\u015fan aletlerde ve bas\u0131n\u00e7l\u0131 hava tahliyesinde<br \/>\n<strong>Alt Kat :\u00a0\u00a0\u00a0\u00a0<\/strong>\u00a0\u00a0\u00a0\u00a0\u00a0\u00a0\u00a0\u00a0\u00a0\u00a0\u00a0\u00a0\u00a0\u00a0\u00a0\u00a0\u00a0\u00a0\u00a0\u00a0\u00a0\u00a0Kompres\u00f6r ya\u011flar\u0131na dayan\u0131kl\u0131 tabii ve sentetik kau\u00e7uk<br \/>\n<strong>Takviye :<\/strong> \u00a0\u00a0\u00a0\u00a0\u00a0\u00a0\u00a0\u00a0\u00a0\u00a0\u00a0\u00a0\u00a0\u00a0\u00a0\u00a0\u00a0\u00a0\u00a0\u00a0\u00a0\u00a0\u00a0Y\u00fcksek mukavemetli sentetik tekstil<br \/>\n<strong>\u00dcst Kat : \u00a0\u00a0\u00a0\u00a0\u00a0\u00a0\u00a0\u00a0\u00a0\u00a0\u00a0\u00a0<\/strong> \u00a0\u00a0\u00a0\u00a0\u00a0\u00a0\u00a0\u00a0\u00a0\u00a0\u00a0A\u015f\u0131nmaya,ozona ve her t\u00fcrl\u00fc hava \u015fartlar\u0131na dayan\u0131kl\u0131 d\u00fcz\u00a0 \u00a0sentetik kau\u00e7uk<\/p>\n<p><strong><img loading=\"lazy\" decoding=\"async\" src=\"https:\/\/www.asilhortum.com.tr\/hortumlar\/su-hortumu\/calisma-derecesi.jpg\" width=\"132\" height=\"35\" \/>\u00a0-25 \u00baC \/ +70 \u00baC<\/strong><\/p>\n","protected":false},"excerpt":{"rendered":"<table class=\"table table-hover\">\n<tbody>\n<tr>\n<td colspan=\"2\" bgcolor=\"#CCCCCC\">\n<h6>\u0130\u00e7 \u00c7ap<\/h6>\n<\/td>\n<td bgcolor=\"#CCCCCC\">\n<h6>D\u0131\u015f \u00c7ap<\/h6>\n<\/td>\n<td bgcolor=\"#CCCCCC\">\n<h6>\u00c7al\u0131\u015fma\u00a0Bas\u0131nc\u0131<\/h6>\n<\/td>\n<td bgcolor=\"#CCCCCC\">\n<h6>Patlama Bas\u0131nc\u0131<\/h6>\n<\/td>\n<\/tr>\n<tr>\n<td bgcolor=\"#CCCCCC\">\n<h6 class=\"style84\" align=\"center\">\u0130nch<\/h6>\n<\/td>\n<td bgcolor=\"#CCCCCC\">\n<h6 class=\"style84\" align=\"center\">mm<\/h6>\n<\/td>\n<td bgcolor=\"#CCCCCC\">\n<h6 class=\"style84\" align=\"center\">mm<\/h6>\n<\/td>\n<td bgcolor=\"#CCCCCC\">\n<h6 class=\"style84\" align=\"center\">Bar<\/h6>\n<\/td>\n<td bgcolor=\"#CCCCCC\">\n<h6 class=\"style84\" align=\"center\">Bar<\/h6>\n<\/td>\n<\/tr>\n<tr>\n<td>\n<h6><strong>1\/2<\/strong><\/h6>\n<\/td>\n<td>\n<h6><strong>12,5<\/strong><\/h6>\n<\/td>\n<td>\n<div class=\"style97\" align=\"center\">22<\/div>\n<\/td>\n<td>\n<div class=\"style97\" align=\"center\">10<\/div>\n<\/td>\n<td>\n<div class=\"style97\" align=\"center\">40<\/div>\n<\/td>\n<\/tr>\n<tr>\n<td>\n<h6 class=\"style84\" align=\"center\"><strong>5\/8<\/strong><\/h6>\n<\/td>\n<td>\n<h6 class=\"style84\" align=\"center\"><strong>16<\/strong><\/h6>\n<\/td>\n<td>\n<div class=\"style97\" align=\"center\">25<\/div>\n<\/td>\n<td>\n<div class=\"style97\" align=\"center\">10<\/div>\n<\/td>\n<td>\n<div class=\"style97\" align=\"center\">40<\/div>\n<\/td>\n<\/tr>\n<tr>\n<td>\n<h6 class=\"style84\" align=\"center\"><strong>3\/4<\/strong><\/h6>\n<\/td>\n<td>\n<h6 class=\"style84\" align=\"center\">19<\/h6>\n<\/td>\n<td>\n<div class=\"style97\" align=\"center\">28<\/div>\n<\/td>\n<td>\n<div class=\"style97\" align=\"center\">10<\/div>\n<\/td>\n<td>\n<div class=\"style97\" align=\"center\">40<\/div>\n<\/td>\n<\/tr>\n<\/tbody>\n<\/table>\n","protected":false},"featured_media":7136,"template":"","meta":[],"product_cat":[47,110,108],"product_tag":[161,175,272,260,261],"class_list":{"0":"post-7135","1":"product","2":"type-product","3":"status-publish","4":"has-post-thumbnail","6":"product_cat-tum-urunleri","7":"product_cat-hava-hortumlari","8":"product_cat-hidrolik-hortum","9":"product_tag-1-2","10":"product_tag-3-4","11":"product_tag-hava-hortumu","12":"product_tag-hidrolik-hortum","13":"product_tag-hortum","15":"first","16":"instock","17":"shipping-taxable","18":"product-type-simple"},"_links":{"self":[{"href":"https:\/\/novahidrolik.com.tr\/index.php\/wp-json\/wp\/v2\/product\/7135","targetHints":{"allow":["GET"]}}],"collection":[{"href":"https:\/\/novahidrolik.com.tr\/index.php\/wp-json\/wp\/v2\/product"}],"about":[{"href":"https:\/\/novahidrolik.com.tr\/index.php\/wp-json\/wp\/v2\/types\/product"}],"version-history":[{"count":0,"href":"https:\/\/novahidrolik.com.tr\/index.php\/wp-json\/wp\/v2\/product\/7135\/revisions"}],"wp:featuredmedia":[{"embeddable":true,"href":"https:\/\/novahidrolik.com.tr\/index.php\/wp-json\/wp\/v2\/media\/7136"}],"wp:attachment":[{"href":"https:\/\/novahidrolik.com.tr\/index.php\/wp-json\/wp\/v2\/media?parent=7135"}],"wp:term":[{"taxonomy":"product_cat","embeddable":true,"href":"https:\/\/novahidrolik.com.tr\/index.php\/wp-json\/wp\/v2\/product_cat?post=7135"},{"taxonomy":"product_tag","embeddable":true,"href":"https:\/\/novahidrolik.com.tr\/index.php\/wp-json\/wp\/v2\/product_tag?post=7135"}],"curies":[{"name":"wp","href":"https:\/\/api.w.org\/{rel}","templated":true}]}}