{"id":7147,"date":"2022-01-17T14:53:40","date_gmt":"2022-01-17T11:53:40","guid":{"rendered":"https:\/\/novahidrolik.com.tr\/?post_type=product&#038;p=7147"},"modified":"2022-01-17T15:01:49","modified_gmt":"2022-01-17T12:01:49","slug":"celik-tel-orgulu-hidrolik-hortum-r1-a","status":"publish","type":"product","link":"https:\/\/novahidrolik.com.tr\/index.php\/urun\/celik-tel-orgulu-hidrolik-hortum-r1-a\/","title":{"rendered":"\u00c7EL\u0130K TEL \u00d6RG\u00dcL\u00dc H\u0130DROL\u0130K HORTUM R1 A"},"content":{"rendered":"<div class=\"post-content-details\">\n<div class=\"post-description\">\n<p><strong>Kullan\u0131m Alanlar\u0131 : \u00a0<\/strong>\u00a0\u00a0\u00a0\u00a0\u0130\u015f ve Tar\u0131m makinalar\u0131nda y\u00fcksek bas\u0131n\u00e7 gerektiren hidrolik devrelerde<br \/>\n<strong>Alt Kat :\u00a0\u00a0\u00a0<\/strong>\u00a0\u00a0\u00a0\u00a0\u00a0\u00a0\u00a0\u00a0\u00a0\u00a0\u00a0\u00a0\u00a0\u00a0\u00a0\u00a0\u00a0\u00a0\u00a0\u00a0\u00a0\u00a0\u00a0Hidrolik ya\u011flara dayan\u0131kl\u0131 \u00f6zel sentetik kau\u00e7uk<br \/>\n<strong>Takviye :<\/strong> \u00a0\u00a0\u00a0\u00a0\u00a0\u00a0\u00a0\u00a0\u00a0\u00a0\u00a0\u00a0\u00a0\u00a0\u00a0\u00a0\u00a0\u00a0\u00a0\u00a0\u00a0\u00a0\u00a0Y\u00fcksek mukavemetli tek kat \u00e7elik tel \u00f6rg\u00fc<br \/>\n<strong>\u00dcst Kat :<\/strong> \u00a0\u00a0\u00a0\u00a0\u00a0\u00a0\u00a0\u00a0\u00a0\u00a0\u00a0\u00a0\u00a0\u00a0\u00a0\u00a0\u00a0\u00a0\u00a0\u00a0\u00a0\u00a0\u00a0\u00a0Ya\u011flara, a\u015f\u0131nmaya her t\u00fcrl\u00fc hava \u015fartlar\u0131na dayan\u0131kl\u0131 sarg\u0131l\u0131 \u00f6zel sentetik kau\u00e7uk<\/p>\n<p><strong><img loading=\"lazy\" decoding=\"async\" src=\"https:\/\/www.asilhortum.com.tr\/hortumlar\/su-hortumu\/calisma-derecesi.jpg\" width=\"132\" height=\"35\" \/>\u00a0-40 \u00baC \/ +100 \u00baC<\/strong><\/p>\n<\/div>\n<\/div>\n","protected":false},"excerpt":{"rendered":"<table class=\"table table-hover\">\n<tbody>\n<tr>\n<td colspan=\"2\" bgcolor=\"#CCCCCC\">\n<h6>\u0130\u00e7 \u00c7ap<\/h6>\n<\/td>\n<td bgcolor=\"#CCCCCC\">\n<h6>D\u0131\u015f \u00c7ap<\/h6>\n<\/td>\n<td bgcolor=\"#CCCCCC\">\n<h6>\u00c7al\u0131\u015fma\u00a0Bas\u0131nc\u0131<\/h6>\n<\/td>\n<td bgcolor=\"#CCCCCC\">\n<h6>Patlama Bas\u0131nc\u0131<\/h6>\n<\/td>\n<\/tr>\n<tr>\n<td bgcolor=\"#CCCCCC\">\n<h6 class=\"style84\" align=\"center\">\u0130nch<\/h6>\n<\/td>\n<td bgcolor=\"#CCCCCC\">\n<h6 class=\"style84\" align=\"center\">mm<\/h6>\n<\/td>\n<td bgcolor=\"#CCCCCC\">\n<h6 class=\"style84\" align=\"center\">mm<\/h6>\n<\/td>\n<td bgcolor=\"#CCCCCC\">\n<h6 class=\"style84\" align=\"center\">Bar<\/h6>\n<\/td>\n<td bgcolor=\"#CCCCCC\">\n<h6 class=\"style84\" align=\"center\">Bar<\/h6>\n<\/td>\n<\/tr>\n<tr>\n<td width=\"47\">\n<h6>3\/16<\/h6>\n<\/td>\n<td>\n<h6>4.8<\/h6>\n<\/td>\n<td>12.3<\/td>\n<td>250<\/td>\n<td>1000<\/td>\n<\/tr>\n<tr>\n<td width=\"47\">\n<h6>1\/4<\/h6>\n<\/td>\n<td>\n<h6>6.4<\/h6>\n<\/td>\n<td>\n<div class=\"style97\" align=\"center\">15.5<\/div>\n<\/td>\n<td>\n<div class=\"style97\" align=\"center\">225<\/div>\n<\/td>\n<td>\n<div class=\"style97\" align=\"center\">900<\/div>\n<\/td>\n<\/tr>\n<tr>\n<td width=\"47\">\n<h6>5\/16<\/h6>\n<\/td>\n<td>\n<h6>8<\/h6>\n<\/td>\n<td>\n<div class=\"style97\" align=\"center\">17.1<\/div>\n<\/td>\n<td>\n<div class=\"style97\" align=\"center\">215<\/div>\n<\/td>\n<td>\n<div class=\"style97\" align=\"center\">850<\/div>\n<\/td>\n<\/tr>\n<tr>\n<td width=\"47\">\n<h6>3\/8<\/h6>\n<\/td>\n<td>\n<h6>9.5<\/h6>\n<\/td>\n<td>\n<div class=\"style97\" align=\"center\">19.4<\/div>\n<\/td>\n<td>\n<div class=\"style97\" align=\"center\">180<\/div>\n<\/td>\n<td>\n<div class=\"style97\" align=\"center\">720<\/div>\n<\/td>\n<\/tr>\n<tr>\n<td width=\"47\">\n<h6>1\/2<\/h6>\n<\/td>\n<td>\n<h6>12,7<\/h6>\n<\/td>\n<td>\n<div class=\"style97\" align=\"center\">22.6<\/div>\n<\/td>\n<td>\n<div class=\"style97\" align=\"center\">160<\/div>\n<\/td>\n<td>\n<div class=\"style97\" align=\"center\">640<\/div>\n<\/td>\n<\/tr>\n<tr>\n<td width=\"47\">\n<h6>5\/8<\/h6>\n<\/td>\n<td>\n<h6>16<\/h6>\n<\/td>\n<td>\n<div class=\"style97\" align=\"center\">25.8<\/div>\n<\/td>\n<td>\n<div class=\"style97\" align=\"center\">130<\/div>\n<\/td>\n<td>\n<div class=\"style97\" align=\"center\">520<\/div>\n<\/td>\n<\/tr>\n<tr>\n<td width=\"47\">\n<h6>3\/4<\/h6>\n<\/td>\n<td>\n<h6>19<\/h6>\n<\/td>\n<td>\n<div class=\"style97\" align=\"center\">29.8<\/div>\n<\/td>\n<td>\n<div class=\"style97\" align=\"center\">105<\/div>\n<\/td>\n<td>\n<div class=\"style97\" align=\"center\">420<\/div>\n<\/td>\n<\/tr>\n<tr>\n<td width=\"47\">\n<h6>1&#8243;<\/h6>\n<\/td>\n<td>\n<h6>25.4<\/h6>\n<\/td>\n<td>\n<div class=\"style97\" align=\"center\">37.6<\/div>\n<\/td>\n<td>\n<div class=\"style97\" align=\"center\">88<\/div>\n<\/td>\n<td>\n<div class=\"style97\" align=\"center\">350<\/div>\n<\/td>\n<\/tr>\n<tr>\n<td width=\"47\">\n<h6>1 1\/4<\/h6>\n<\/td>\n<td>\n<h6>31.8<\/h6>\n<\/td>\n<td>\n<div class=\"style97\" align=\"center\">45<\/div>\n<\/td>\n<td>\n<div class=\"style97\" align=\"center\">63<\/div>\n<\/td>\n<td>\n<div class=\"style97\" align=\"center\">250<\/div>\n<\/td>\n<\/tr>\n<tr>\n<td width=\"47\">\n<h6>1 1\/2<\/h6>\n<\/td>\n<td>\n<h6>38.1<\/h6>\n<\/td>\n<td>\n<div class=\"style97\" align=\"center\">51.4<\/div>\n<\/td>\n<td>\n<div class=\"style97\" align=\"center\">50<\/div>\n<\/td>\n<td>\n<div class=\"style97\" align=\"center\">200<\/div>\n<\/td>\n<\/tr>\n<tr>\n<td width=\"47\">\n<h6>2&#8243;<\/h6>\n<\/td>\n<td>\n<h6>50.8<\/h6>\n<\/td>\n<td>\n<div class=\"style97\" align=\"center\">66.7<\/div>\n<\/td>\n<td>\n<div class=\"style97\" align=\"center\">40<\/div>\n<\/td>\n<td>\n<div class=\"style97\" align=\"center\">160<\/div>\n<\/td>\n<\/tr>\n<\/tbody>\n<\/table>\n","protected":false},"featured_media":7143,"template":"","meta":[],"product_cat":[47,108,109],"product_tag":[176,161,151,175,260,273],"class_list":{"0":"post-7147","1":"product","2":"type-product","3":"status-publish","4":"has-post-thumbnail","6":"product_cat-tum-urunleri","7":"product_cat-hidrolik-hortum","8":"product_cat-yag-hortumlari","9":"product_tag-176","10":"product_tag-1-2","11":"product_tag-1-4","12":"product_tag-3-4","13":"product_tag-hidrolik-hortum","14":"product_tag-r1","16":"first","17":"instock","18":"shipping-taxable","19":"product-type-simple"},"_links":{"self":[{"href":"https:\/\/novahidrolik.com.tr\/index.php\/wp-json\/wp\/v2\/product\/7147","targetHints":{"allow":["GET"]}}],"collection":[{"href":"https:\/\/novahidrolik.com.tr\/index.php\/wp-json\/wp\/v2\/product"}],"about":[{"href":"https:\/\/novahidrolik.com.tr\/index.php\/wp-json\/wp\/v2\/types\/product"}],"version-history":[{"count":0,"href":"https:\/\/novahidrolik.com.tr\/index.php\/wp-json\/wp\/v2\/product\/7147\/revisions"}],"wp:featuredmedia":[{"embeddable":true,"href":"https:\/\/novahidrolik.com.tr\/index.php\/wp-json\/wp\/v2\/media\/7143"}],"wp:attachment":[{"href":"https:\/\/novahidrolik.com.tr\/index.php\/wp-json\/wp\/v2\/media?parent=7147"}],"wp:term":[{"taxonomy":"product_cat","embeddable":true,"href":"https:\/\/novahidrolik.com.tr\/index.php\/wp-json\/wp\/v2\/product_cat?post=7147"},{"taxonomy":"product_tag","embeddable":true,"href":"https:\/\/novahidrolik.com.tr\/index.php\/wp-json\/wp\/v2\/product_tag?post=7147"}],"curies":[{"name":"wp","href":"https:\/\/api.w.org\/{rel}","templated":true}]}}