{"id":7253,"date":"2022-01-17T17:03:05","date_gmt":"2022-01-17T14:03:05","guid":{"rendered":"https:\/\/novahidrolik.com.tr\/?post_type=product&#038;p=7253"},"modified":"2022-01-17T17:06:16","modified_gmt":"2022-01-17T14:06:16","slug":"mh-100-sf","status":"publish","type":"product","link":"https:\/\/novahidrolik.com.tr\/index.php\/urun\/mh-100-sf\/","title":{"rendered":"MH 100 SF"},"content":{"rendered":"<div class=\"detailsTableContainer\">\n<table class=\"table table-striped\">\n<thead>\n<tr>\n<th class=\"productPropertyTitle\">Yap\u0131sal \u00d6zellikler<\/th>\n<th class=\"standardWidth\"><\/th>\n<th class=\"alternateWidth text-right hidden-xs\" width=\"25%\"><\/th>\n<\/tr>\n<\/thead>\n<tbody>\n<tr class=\"\">\n<td width=\"25%\">Montaj Tipi<\/td>\n<td>\n<ul>\n<li class=\"standard\">Alttan Ba\u011flant\u0131l\u0131<\/li>\n<\/ul>\n<\/td>\n<td class=\"alternateTd hidden-xs\"><\/td>\n<\/tr>\n<tr class=\"\">\n<td width=\"25%\">\u00d6l\u00e7\u00fc Birimi<\/td>\n<td>\n<ul>\n<li class=\"standard\">bar\/psi<\/li>\n<\/ul>\n<\/td>\n<td class=\"alternateTd hidden-xs\"><\/td>\n<\/tr>\n<tr class=\"\">\n<td width=\"25%\">\u00d6l\u00e7\u00fc Aral\u0131\u011f\u0131<\/td>\n<td>\n<ul>\n<li class=\"standard\">0\/0,6<\/li>\n<li class=\"standard\">0\/1<\/li>\n<li class=\"standard\">0\/1,6<\/li>\n<li class=\"standard\">0\/2,5<\/li>\n<li class=\"standard\">0\/4<\/li>\n<li class=\"standard\">0\/6<\/li>\n<li class=\"standard\">0\/10<\/li>\n<li class=\"standard\">0\/16<\/li>\n<li class=\"standard\">0\/25<\/li>\n<li class=\"standard\">0\/40<\/li>\n<li class=\"standard\">0\/60<\/li>\n<li class=\"standard\">0\/100<\/li>\n<li class=\"standard\">0\/160<\/li>\n<li class=\"standard\">0\/250<\/li>\n<li class=\"standard\">0\/315<\/li>\n<li class=\"standard\">0\/400<\/li>\n<li class=\"standard\">0\/600<\/li>\n<li class=\"standard\">0\/1000<\/li>\n<\/ul>\n<\/td>\n<td class=\"alternateTd hidden-xs\"><\/td>\n<\/tr>\n<tr class=\"\">\n<td width=\"25%\">Vakum \u00d6l\u00e7\u00fc Aral\u0131\u011f\u0131<\/td>\n<td>\n<ul>\n<li class=\"standard\">-1 \/ 0<\/li>\n<li class=\"standard\">-1 \/ +0,6<\/li>\n<li class=\"standard\">-1 \/ +1,5<\/li>\n<li class=\"standard\">-1 \/ +3<\/li>\n<li class=\"standard\">-1 \/ +5<\/li>\n<li class=\"standard\">-1 \/ +9<\/li>\n<li class=\"standard\">-1 \/ +15<\/li>\n<li class=\"standard\">-1 \/ +24<\/li>\n<\/ul>\n<\/td>\n<td class=\"alternateTd hidden-xs\"><\/td>\n<\/tr>\n<tr class=\"\">\n<td width=\"25%\">G\u00f6vde<\/td>\n<td>\n<ul>\n<li class=\"standard\">Paslanmaz AISI-316L<\/li>\n<\/ul>\n<\/td>\n<td class=\"alternateTd hidden-xs\"><\/td>\n<\/tr>\n<tr class=\"\">\n<td width=\"25%\">Kapak<\/td>\n<td>\n<ul>\n<li class=\"standard\">Paslanmaz AISI-316L<\/li>\n<\/ul>\n<\/td>\n<td class=\"alternateTd hidden-xs\"><\/td>\n<\/tr>\n<tr class=\"\">\n<td width=\"25%\">Mekanizma<\/td>\n<td>\n<ul>\n<li class=\"standard\">Paslanmaz AISI-304<\/li>\n<\/ul>\n<\/td>\n<td class=\"alternateTd hidden-xs\"><\/td>\n<\/tr>\n<tr class=\"\">\n<td width=\"25%\">G\u00f6r\u00fcn\u00fcm Levhas\u0131<\/td>\n<td>\n<ul>\n<li class=\"standard\">Emniyetli Cam<\/li>\n<\/ul>\n<\/td>\n<td class=\"alternateTd hidden-xs\"><\/td>\n<\/tr>\n<tr class=\"\">\n<td width=\"25%\">Bas\u0131n\u00e7 Organ\u0131<\/td>\n<td>\n<ul>\n<li class=\"standard\">Paslanmaz AISI-316L<\/li>\n<\/ul>\n<\/td>\n<td class=\"alternateTd hidden-xs\"><\/td>\n<\/tr>\n<tr class=\"\">\n<td width=\"25%\">Ba\u011flant\u0131<\/td>\n<td>\n<ul>\n<li class=\"standard\">G 1\/2\u2019\u2019 B<\/li>\n<\/ul>\n<\/td>\n<td class=\"alternateTd hidden-xs\"><\/td>\n<\/tr>\n<tr class=\"\">\n<td width=\"25%\">Kadran<\/td>\n<td>\n<ul>\n<li class=\"standard\">Al\u00fcminyum<\/li>\n<\/ul>\n<\/td>\n<td class=\"alternateTd hidden-xs\"><\/td>\n<\/tr>\n<tr class=\"\">\n<td width=\"25%\">\u0130bre<\/td>\n<td>\n<ul>\n<li class=\"standard\">Al\u00fcminyum<\/li>\n<\/ul>\n<\/td>\n<td class=\"alternateTd hidden-xs\"><\/td>\n<\/tr>\n<tr class=\"\">\n<td width=\"25%\">Birle\u015ftirme Kayna\u011f\u0131<\/td>\n<td>\n<ul>\n<li class=\"standard\">TIG Kayna\u011f\u0131<\/li>\n<\/ul>\n<\/td>\n<td class=\"alternateTd hidden-xs\"><\/td>\n<\/tr>\n<\/tbody>\n<\/table>\n<\/div>\n<div class=\"detailsTableContainer\">\n<table class=\"table table-striped\" style=\"height: 706px\" width=\"605\">\n<thead>\n<tr>\n<th class=\"productPropertyTitle\">Kullan\u0131m \u00d6zellikleri<\/th>\n<th class=\"standardWidth\"><\/th>\n<th class=\"alternateWidth text-right hidden-xs\" width=\"25%\"><\/th>\n<\/tr>\n<\/thead>\n<tbody>\n<tr class=\"\">\n<td width=\"25%\">\u00c7al\u0131\u015fma Bas\u0131nc\u0131 (Azami)<\/td>\n<td>\n<ul>\n<li class=\"standard\">Tam skala de\u011ferini ge\u00e7memelidir.<\/li>\n<\/ul>\n<\/td>\n<td class=\"alternateTd hidden-xs\"><\/td>\n<\/tr>\n<tr class=\"\">\n<td width=\"25%\">Uygunluk<\/td>\n<td>\n<ul>\n<li class=\"standard\">EN 837 &#8211; 1<\/li>\n<\/ul>\n<\/td>\n<td class=\"alternateTd hidden-xs\"><\/td>\n<\/tr>\n<tr class=\"\">\n<td width=\"25%\">Hassasiyet S\u0131n\u0131f\u0131<\/td>\n<td>\n<ul>\n<li class=\"standard\">KL 1.0<\/li>\n<\/ul>\n<\/td>\n<td class=\"alternateTd hidden-xs\"><\/td>\n<\/tr>\n<tr class=\"\">\n<td width=\"25%\">Ortam S\u0131cakl\u0131\u011f\u0131<\/td>\n<td>\n<ul>\n<li class=\"standard\">&#8211; 20 &#8230; + 60 \u00b0C<\/li>\n<\/ul>\n<\/td>\n<td class=\"alternateTd hidden-xs\"><\/td>\n<\/tr>\n<tr class=\"\">\n<td width=\"25%\">Koruma S\u0131n\u0131f\u0131<\/td>\n<td>\n<ul>\n<li class=\"standard\">IP 65<\/li>\n<\/ul>\n<\/td>\n<td class=\"alternateTd hidden-xs\"><\/td>\n<\/tr>\n<tr class=\"\">\n<td width=\"25%\">Mekanik Titre\u015fim Testi<\/td>\n<td>\n<ul>\n<li class=\"standard\">10 Hz ile 150 Hz -1 oktav\/dk. 2s \/ 3 eksende<\/li>\n<\/ul>\n<\/td>\n<td class=\"alternateTd hidden-xs\"><\/td>\n<\/tr>\n<tr class=\"\">\n<td width=\"25%\">Mekanik \u015eok Test Y\u00fck\u00fc<\/td>\n<td>\n<ul>\n<li class=\"standard\">15g<\/li>\n<\/ul>\n<\/td>\n<td class=\"alternateTd hidden-xs\"><\/td>\n<\/tr>\n<tr class=\"\">\n<td width=\"25%\">Optimum \u00d6l\u00e7\u00fcm Aral\u0131\u011f\u0131<\/td>\n<td>\n<ul>\n<li class=\"standard\">0,0 x PN ve 1,0 x PN aras\u0131nda<\/li>\n<\/ul>\n<\/td>\n<td class=\"alternateTd hidden-xs\"><\/td>\n<\/tr>\n<tr class=\"\">\n<td width=\"25%\">A\u015f\u0131r\u0131 Bas\u0131n\u00e7 S\u0131n\u0131r\u0131<\/td>\n<td>\n<ul>\n<li class=\"standard\">F.S. x 1,3<\/li>\n<\/ul>\n<\/td>\n<td class=\"alternateTd hidden-xs\"><\/td>\n<\/tr>\n<tr class=\"\">\n<td width=\"25%\">Ak\u0131\u015fkan S\u0131cakl\u0131\u011f\u0131<\/td>\n<td>\n<ul>\n<li class=\"standard\">Azami + 200 \u00b0C<\/li>\n<\/ul>\n<\/td>\n<td class=\"alternateTd hidden-xs\"><\/td>\n<\/tr>\n<tr class=\"\">\n<td width=\"25%\">Depolama S\u0131cakl\u0131klar\u0131<\/td>\n<td>\n<ul>\n<li class=\"standard\">-40 &#8230; +70 \u00b0C<\/li>\n<\/ul>\n<\/td>\n<td class=\"alternateTd hidden-xs\"><\/td>\n<\/tr>\n<\/tbody>\n<\/table>\n<\/div>\n","protected":false},"excerpt":{"rendered":"<p>\u2022 \u00d6nden emniyet plakas\u0131 ile te\u00e7hiz edilmi\u015ftir. A\u015f\u0131r\u0131 bas\u0131n\u00e7tan olu\u015facak patlama ihtimallerinde sadece arka kapak tahliye yapar, \u00f6n y\u00fczden \u00e7evreye zarar vermez.<br \/>\n\u2022 Nikel ala\u015f\u0131mlar\u0131n\u0131 a\u015f\u0131nd\u0131r\u0131c\u0131 olmayan s\u0131v\u0131 ve gazlar\u0131n bas\u0131n\u00e7 \u00f6l\u00e7\u00fcmlerinde kullan\u0131l\u0131rlar.<br \/>\nEnd\u00fcstri Sekt\u00f6r\u00fc : Petrol-kimyasal hatlar, maden sekt\u00f6r\u00fc, makina \u00fcreticileri ve hidrolik sistemler<\/p>\n","protected":false},"featured_media":7254,"template":"","meta":[],"product_cat":[47,107],"product_tag":[278,283,284,280,281,282,279,298,304],"class_list":{"0":"post-7253","1":"product","2":"type-product","3":"status-publish","4":"has-post-thumbnail","6":"product_cat-tum-urunleri","7":"product_cat-manometreler","8":"product_tag-manometre","9":"product_tag-o100","10":"product_tag-o160","11":"product_tag-o40","12":"product_tag-o50","13":"product_tag-o63","14":"product_tag-pakkens","15":"product_tag-pakkens-manometre","16":"product_tag-paslanmaz","18":"first","19":"instock","20":"shipping-taxable","21":"product-type-simple"},"_links":{"self":[{"href":"https:\/\/novahidrolik.com.tr\/index.php\/wp-json\/wp\/v2\/product\/7253","targetHints":{"allow":["GET"]}}],"collection":[{"href":"https:\/\/novahidrolik.com.tr\/index.php\/wp-json\/wp\/v2\/product"}],"about":[{"href":"https:\/\/novahidrolik.com.tr\/index.php\/wp-json\/wp\/v2\/types\/product"}],"version-history":[{"count":0,"href":"https:\/\/novahidrolik.com.tr\/index.php\/wp-json\/wp\/v2\/product\/7253\/revisions"}],"wp:featuredmedia":[{"embeddable":true,"href":"https:\/\/novahidrolik.com.tr\/index.php\/wp-json\/wp\/v2\/media\/7254"}],"wp:attachment":[{"href":"https:\/\/novahidrolik.com.tr\/index.php\/wp-json\/wp\/v2\/media?parent=7253"}],"wp:term":[{"taxonomy":"product_cat","embeddable":true,"href":"https:\/\/novahidrolik.com.tr\/index.php\/wp-json\/wp\/v2\/product_cat?post=7253"},{"taxonomy":"product_tag","embeddable":true,"href":"https:\/\/novahidrolik.com.tr\/index.php\/wp-json\/wp\/v2\/product_tag?post=7253"}],"curies":[{"name":"wp","href":"https:\/\/api.w.org\/{rel}","templated":true}]}}