{"id":7263,"date":"2022-01-17T17:20:34","date_gmt":"2022-01-17T14:20:34","guid":{"rendered":"https:\/\/novahidrolik.com.tr\/?post_type=product&#038;p=7263"},"modified":"2022-01-17T17:20:35","modified_gmt":"2022-01-17T14:20:35","slug":"sari-ic-disli-kor-tapa","status":"publish","type":"product","link":"https:\/\/novahidrolik.com.tr\/index.php\/urun\/sari-ic-disli-kor-tapa\/","title":{"rendered":"Sar\u0131 \u0130\u00e7 Di\u015fli K\u00f6r Tapa"},"content":{"rendered":"","protected":false},"excerpt":{"rendered":"<h3 style=\"text-align: center\">Sar\u0131 \u0130\u00e7 Di\u015fli K\u00f6r Tapa<\/h3>\n<h5 style=\"text-align: center\">1\/8<\/h5>\n<h5 style=\"text-align: center\">1\/4<\/h5>\n<h5 style=\"text-align: center\">3\/8<\/h5>\n<h5 style=\"text-align: center\">1\/2<\/h5>\n<h5 style=\"text-align: center\">3\/4<\/h5>\n<h5 style=\"text-align: center\">1<\/h5>\n<h5 style=\"text-align: center\">1 1\/4<\/h5>\n<h5 style=\"text-align: center\">1 1\/2<\/h5>\n<h5 style=\"text-align: center\">2<\/h5>\n","protected":false},"featured_media":7264,"template":"","meta":[],"product_cat":[47,113],"product_tag":[267,307,268,308,266,269],"class_list":{"0":"post-7263","1":"product","2":"type-product","3":"status-publish","4":"has-post-thumbnail","6":"product_cat-tum-urunleri","7":"product_cat-pirinc-baglanti-rekorlari","8":"product_tag-bursa-pirinc-baglanti","9":"product_tag-bursa-sari-ic-disli-kor-tapalar","10":"product_tag-nova-pirinc-baglanti","11":"product_tag-pirinc-ic-disli-kor-tapa","12":"product_tag-pirincler","13":"product_tag-sari-baglanti","15":"first","16":"instock","17":"shipping-taxable","18":"product-type-simple"},"_links":{"self":[{"href":"https:\/\/novahidrolik.com.tr\/index.php\/wp-json\/wp\/v2\/product\/7263","targetHints":{"allow":["GET"]}}],"collection":[{"href":"https:\/\/novahidrolik.com.tr\/index.php\/wp-json\/wp\/v2\/product"}],"about":[{"href":"https:\/\/novahidrolik.com.tr\/index.php\/wp-json\/wp\/v2\/types\/product"}],"version-history":[{"count":0,"href":"https:\/\/novahidrolik.com.tr\/index.php\/wp-json\/wp\/v2\/product\/7263\/revisions"}],"wp:featuredmedia":[{"embeddable":true,"href":"https:\/\/novahidrolik.com.tr\/index.php\/wp-json\/wp\/v2\/media\/7264"}],"wp:attachment":[{"href":"https:\/\/novahidrolik.com.tr\/index.php\/wp-json\/wp\/v2\/media?parent=7263"}],"wp:term":[{"taxonomy":"product_cat","embeddable":true,"href":"https:\/\/novahidrolik.com.tr\/index.php\/wp-json\/wp\/v2\/product_cat?post=7263"},{"taxonomy":"product_tag","embeddable":true,"href":"https:\/\/novahidrolik.com.tr\/index.php\/wp-json\/wp\/v2\/product_tag?post=7263"}],"curies":[{"name":"wp","href":"https:\/\/api.w.org\/{rel}","templated":true}]}}