{"id":7281,"date":"2022-01-17T18:08:33","date_gmt":"2022-01-17T15:08:33","guid":{"rendered":"https:\/\/novahidrolik.com.tr\/?post_type=product&#038;p=7281"},"modified":"2022-01-17T18:08:33","modified_gmt":"2022-01-17T15:08:33","slug":"cok-devirli-motorlar","status":"publish","type":"product","link":"https:\/\/novahidrolik.com.tr\/index.php\/urun\/cok-devirli-motorlar\/","title":{"rendered":"\u00c7ok Devirli Motorlar"},"content":{"rendered":"<table border=\"1\" cellspacing=\"0\" cellpadding=\"2\">\n<tbody>\n<tr>\n<td><strong>Y\u00fck Momenti Sabit<\/strong><\/td>\n<td><strong>Y\u00fck Momenti H\u0131z\u0131n Karesiyle Orant\u0131l\u0131<\/strong><\/td>\n<\/tr>\n<tr>\n<td><strong>Yap\u0131 b\u00fcy\u00fckl\u00fc\u011f\u00fc<\/strong><\/td>\n<td>56 \u2013 315<\/td>\n<td>63 \u2013 315<\/td>\n<\/tr>\n<tr>\n<td><strong>Anma g\u00fcc\u00fc<\/strong><\/td>\n<td>0,06 \u2013 168kW<\/td>\n<td>0,035 \u2013 175kW<\/td>\n<\/tr>\n<tr>\n<td><strong>Kutup say\u0131s\u0131<\/strong><\/td>\n<td>8\/4, 6\/4, 4\/2, 12\/4<\/td>\n<td>8\/4, 6\/4, 4\/2<\/td>\n<\/tr>\n<tr>\n<td><strong>Koruma derecesi<\/strong><\/td>\n<td>IP 55<\/td>\n<td>IP 55<\/td>\n<\/tr>\n<tr>\n<td><strong>Gerilim<\/strong><\/td>\n<td>Standart 400V \u0130stek \u00fczerine farkl\u0131 gerilimlerde teslimat yap\u0131l\u0131r.<\/td>\n<td>Standart 400V \u0130stek \u00fczerine farkl\u0131 gerilimlerde teslimat yap\u0131l\u0131r.<\/td>\n<\/tr>\n<tr>\n<td><strong>Frekans<\/strong><\/td>\n<td>50 veya 60 Hz<\/td>\n<td>50 veya 60 Hz<\/td>\n<\/tr>\n<tr>\n<td><strong>Yap\u0131 Bi\u00e7imleri<\/strong><\/td>\n<td>\u0130stenen yap\u0131 bi\u00e7iminde teslimat yap\u0131l\u0131r.<\/td>\n<td>\u0130stenen yap\u0131 bi\u00e7iminde teslimat yap\u0131l\u0131r.<\/td>\n<\/tr>\n<tr>\n<td><strong>G\u00f6vde<\/strong><\/td>\n<td>Yap\u0131 b\u00fcy\u00fckl\u00fc\u011f\u00fc 56\u2026200 : Al\u00fcminyum<br \/>\nyap\u0131 b\u00fcy\u00fckl\u00fc\u011f\u00fc 132\u2026315 : D\u00f6kme denir.<\/td>\n<td>Yap\u0131 b\u00fcy\u00fckl\u00fc\u011f\u00fc 63\u2026200 : Al\u00fcminyum<br \/>\nyap\u0131 b\u00fcy\u00fckl\u00fc\u011f\u00fc 132\u2026315 : D\u00f6kme denir.<\/td>\n<\/tr>\n<tr>\n<td><strong>So\u011futma<\/strong><\/td>\n<td>D\u0131\u015f y\u00fczeyden so\u011futmal\u0131 (IC 411)<\/td>\n<td>D\u0131\u015f y\u00fczeyden so\u011futmal\u0131 (IC 411)<\/td>\n<\/tr>\n<tr>\n<td><strong>Yal\u0131t\u0131m s\u0131n\u0131f\u0131<\/strong><\/td>\n<td>\u201cF\u201d (105K)<\/td>\n<td>\u201cF\u201d (105K)<\/td>\n<\/tr>\n<tr>\n<td><strong>Is\u0131 art\u0131\u015f s\u0131n\u0131f\u0131<\/strong><\/td>\n<td>\u201cB\u201d (80K)<\/td>\n<td>\u201cB\u201d (80K)<\/td>\n<\/tr>\n<tr>\n<td><strong>\u0130\u015fletme t\u00fcr\u00fc<\/strong><\/td>\n<td>S1 s\u00fcrekli \u00e7al\u0131\u015fma. \u0130stek \u00fczerine S2\u2026S9 i\u015fletme t\u00fcr\u00fcnde teslimat yap\u0131l\u0131r.<\/td>\n<td>S1 s\u00fcrekli \u00e7al\u0131\u015fma. \u0130stek \u00fczerine S2\u2026S9 i\u015fletme t\u00fcr\u00fcnde teslimat yap\u0131l\u0131r.<\/td>\n<\/tr>\n<\/tbody>\n<\/table>\n","protected":false},"excerpt":{"rendered":"<p>Y\u00fck Momenti Sabit Y\u00fck Momenti H\u0131z\u0131n Karesiyle Orant\u0131l\u0131 Yap\u0131 b\u00fcy\u00fckl\u00fc\u011f\u00fc 56 \u2013 315 63 \u2013 315 Anma g\u00fcc\u00fc 0,06 \u2013 168kW 0,035 \u2013 175kW Kutup say\u0131s\u0131 8\/4, 6\/4, 4\/2, 12\/4 8\/4, 6\/4, 4\/2 Koruma derecesi IP 55 IP 55 Gerilim Standart 400V \u0130stek \u00fczerine farkl\u0131 gerilimlerde teslimat yap\u0131l\u0131r. Standart 400V \u0130stek \u00fczerine farkl\u0131 gerilimlerde teslimat [&hellip;]<\/p>\n","protected":false},"featured_media":7282,"template":"","meta":[],"product_cat":[47,119],"product_tag":[318],"class_list":{"0":"post-7281","1":"product","2":"type-product","3":"status-publish","4":"has-post-thumbnail","6":"product_cat-tum-urunleri","7":"product_cat-elektrik-motorlari","8":"product_tag-elektrik-motorlari","10":"first","11":"instock","12":"shipping-taxable","13":"product-type-simple"},"_links":{"self":[{"href":"https:\/\/novahidrolik.com.tr\/index.php\/wp-json\/wp\/v2\/product\/7281","targetHints":{"allow":["GET"]}}],"collection":[{"href":"https:\/\/novahidrolik.com.tr\/index.php\/wp-json\/wp\/v2\/product"}],"about":[{"href":"https:\/\/novahidrolik.com.tr\/index.php\/wp-json\/wp\/v2\/types\/product"}],"version-history":[{"count":0,"href":"https:\/\/novahidrolik.com.tr\/index.php\/wp-json\/wp\/v2\/product\/7281\/revisions"}],"wp:featuredmedia":[{"embeddable":true,"href":"https:\/\/novahidrolik.com.tr\/index.php\/wp-json\/wp\/v2\/media\/7282"}],"wp:attachment":[{"href":"https:\/\/novahidrolik.com.tr\/index.php\/wp-json\/wp\/v2\/media?parent=7281"}],"wp:term":[{"taxonomy":"product_cat","embeddable":true,"href":"https:\/\/novahidrolik.com.tr\/index.php\/wp-json\/wp\/v2\/product_cat?post=7281"},{"taxonomy":"product_tag","embeddable":true,"href":"https:\/\/novahidrolik.com.tr\/index.php\/wp-json\/wp\/v2\/product_tag?post=7281"}],"curies":[{"name":"wp","href":"https:\/\/api.w.org\/{rel}","templated":true}]}}