{"id":7285,"date":"2022-01-17T18:10:02","date_gmt":"2022-01-17T15:10:02","guid":{"rendered":"https:\/\/novahidrolik.com.tr\/?post_type=product&#038;p=7285"},"modified":"2022-01-17T18:10:02","modified_gmt":"2022-01-17T15:10:02","slug":"yuksek-verimli-motorlar","status":"publish","type":"product","link":"https:\/\/novahidrolik.com.tr\/index.php\/urun\/yuksek-verimli-motorlar\/","title":{"rendered":"Y\u00fcksek Verimli Motorlar"},"content":{"rendered":"<table border=\"1\" cellspacing=\"0\" cellpadding=\"4\">\n<tbody>\n<tr>\n<td>Yap\u0131 B\u00fcy\u00fckl\u00fc\u011f\u00fc<\/td>\n<td>80 \u2013 280<\/td>\n<\/tr>\n<tr>\n<td>Anma g\u00fcc\u00fc<\/td>\n<td>0,75 \u2013 400kW<\/td>\n<\/tr>\n<tr>\n<td>Kutup say\u0131s\u0131<\/td>\n<td>2, 4 ve 6 kutup<\/td>\n<\/tr>\n<tr>\n<td>Koruma derecesi<\/td>\n<td>IP55<\/td>\n<\/tr>\n<tr>\n<td>Gerilim<\/td>\n<td>400 V<\/td>\n<\/tr>\n<tr>\n<td>Frekans<\/td>\n<td>50 Hz<\/td>\n<\/tr>\n<tr>\n<td>Yap\u0131 Bi\u00e7imleri<\/td>\n<td>\u0130stenen yap\u0131 bi\u00e7iminde teslimat yap\u0131l\u0131r.<\/td>\n<\/tr>\n<tr>\n<td>G\u00f6vde<\/td>\n<td>Yap\u0131 b\u00fcy\u00fckl\u00fc\u011f\u00fc 80\u2026200 : Al\u00fcminyum , yap\u0131 b\u00fcy\u00fckl\u00fc\u011f\u00fc 132\u2026400 : D\u00f6kme demir.<\/td>\n<\/tr>\n<tr>\n<td>So\u011futma<\/td>\n<td>D\u0131\u015f y\u00fczeyden so\u011futmal\u0131 (IC 411)<\/td>\n<\/tr>\n<tr>\n<td>Yal\u0131t\u0131m s\u0131n\u0131f\u0131<\/td>\n<td>\u201cF\u201d (105K)<\/td>\n<\/tr>\n<tr>\n<td>Is\u0131 art\u0131\u015f s\u0131n\u0131f\u0131<\/td>\n<td>\u201cB\u201d (80K)<\/td>\n<\/tr>\n<tr>\n<td>\u0130\u015fletme t\u00fcr\u00fc<\/td>\n<td>S1 s\u00fcrekli \u00e7al\u0131\u015fma.<\/td>\n<\/tr>\n<\/tbody>\n<\/table>\n","protected":false},"excerpt":{"rendered":"<p>Yap\u0131 B\u00fcy\u00fckl\u00fc\u011f\u00fc 80 \u2013 280 Anma g\u00fcc\u00fc 0,75 \u2013 400kW Kutup say\u0131s\u0131 2, 4 ve 6 kutup Koruma derecesi IP55 Gerilim 400 V Frekans 50 Hz Yap\u0131 Bi\u00e7imleri \u0130stenen yap\u0131 bi\u00e7iminde teslimat yap\u0131l\u0131r. G\u00f6vde Yap\u0131 b\u00fcy\u00fckl\u00fc\u011f\u00fc 80\u2026200 : Al\u00fcminyum , yap\u0131 b\u00fcy\u00fckl\u00fc\u011f\u00fc 132\u2026400 : D\u00f6kme demir. So\u011futma D\u0131\u015f y\u00fczeyden so\u011futmal\u0131 (IC 411) Yal\u0131t\u0131m s\u0131n\u0131f\u0131 \u201cF\u201d [&hellip;]<\/p>\n","protected":false},"featured_media":7286,"template":"","meta":[],"product_cat":[47,119],"product_tag":[318],"class_list":{"0":"post-7285","1":"product","2":"type-product","3":"status-publish","4":"has-post-thumbnail","6":"product_cat-tum-urunleri","7":"product_cat-elektrik-motorlari","8":"product_tag-elektrik-motorlari","10":"first","11":"instock","12":"shipping-taxable","13":"product-type-simple"},"_links":{"self":[{"href":"https:\/\/novahidrolik.com.tr\/index.php\/wp-json\/wp\/v2\/product\/7285","targetHints":{"allow":["GET"]}}],"collection":[{"href":"https:\/\/novahidrolik.com.tr\/index.php\/wp-json\/wp\/v2\/product"}],"about":[{"href":"https:\/\/novahidrolik.com.tr\/index.php\/wp-json\/wp\/v2\/types\/product"}],"version-history":[{"count":0,"href":"https:\/\/novahidrolik.com.tr\/index.php\/wp-json\/wp\/v2\/product\/7285\/revisions"}],"wp:featuredmedia":[{"embeddable":true,"href":"https:\/\/novahidrolik.com.tr\/index.php\/wp-json\/wp\/v2\/media\/7286"}],"wp:attachment":[{"href":"https:\/\/novahidrolik.com.tr\/index.php\/wp-json\/wp\/v2\/media?parent=7285"}],"wp:term":[{"taxonomy":"product_cat","embeddable":true,"href":"https:\/\/novahidrolik.com.tr\/index.php\/wp-json\/wp\/v2\/product_cat?post=7285"},{"taxonomy":"product_tag","embeddable":true,"href":"https:\/\/novahidrolik.com.tr\/index.php\/wp-json\/wp\/v2\/product_tag?post=7285"}],"curies":[{"name":"wp","href":"https:\/\/api.w.org\/{rel}","templated":true}]}}