{"id":7292,"date":"2022-01-18T09:47:24","date_gmt":"2022-01-18T06:47:24","guid":{"rendered":"https:\/\/novahidrolik.com.tr\/?post_type=product&#038;p=7292"},"modified":"2022-01-18T09:47:25","modified_gmt":"2022-01-18T06:47:25","slug":"ray-araba","status":"publish","type":"product","link":"https:\/\/novahidrolik.com.tr\/index.php\/urun\/ray-araba\/","title":{"rendered":"Ray Araba"},"content":{"rendered":"<table style=\"height: 590px\" border=\"2\" width=\"616\">\n<tbody>\n<tr>\n<td colspan=\"4\">\n<h1><strong>Lineer K\u0131zak Araba \u00d6l\u00e7\u00fcleri<\/strong><\/h1>\n<\/td>\n<\/tr>\n<tr>\n<td>\n<h2>PAR\u00c7A NO<\/h2>\n<\/td>\n<td><strong>Ray dahil Komple Y\u00fckseklik<\/strong><\/td>\n<td><strong>Araba Geni\u015flik mm<\/strong><\/td>\n<td><strong>Delik Merkezi En\/ Boy<\/strong><\/td>\n<\/tr>\n<tr>\n<td>\n<h2>15 mm Geni\u015f Lineer Araba \u00d6l\u00e7\u00fcleri<\/h2>\n<\/td>\n<td><strong>24<\/strong><\/td>\n<td><strong>47<\/strong><\/td>\n<td>38&#215;30<\/td>\n<\/tr>\n<tr>\n<td>\n<h2>20 mm Geni\u015f Lineer Araba \u00d6l\u00e7\u00fcleri<\/h2>\n<\/td>\n<td><strong>30<\/strong><\/td>\n<td><strong>63<\/strong><\/td>\n<td>53&#215;40<\/td>\n<\/tr>\n<tr>\n<td>\n<h2>25 mm Geni\u015f Lineer Araba \u00d6l\u00e7\u00fcleri<\/h2>\n<\/td>\n<td><strong>36<\/strong><\/td>\n<td><strong>70<\/strong><\/td>\n<td>57&#215;45<\/td>\n<\/tr>\n<\/tbody>\n<\/table>\n<table style=\"height: 358px\" border=\"2\" width=\"618\">\n<tbody>\n<tr>\n<td>\n<h2>30 mm Geni\u015f Lineer Araba \u00d6l\u00e7\u00fcleri<\/h2>\n<\/td>\n<td><strong>42<\/strong><\/td>\n<td><strong>90<\/strong><\/td>\n<td>72&#215;52<\/td>\n<\/tr>\n<tr>\n<td>\n<h2>35 mm Geni\u015f Lineer Araba \u00d6l\u00e7\u00fcleri<\/h2>\n<\/td>\n<td><strong>48<\/strong><\/td>\n<td><strong>100<\/strong><\/td>\n<td>82&#215;62<\/td>\n<\/tr>\n<tr>\n<td>\n<h2>45 mm Geni\u015f Lineer Araba \u00d6l\u00e7\u00fcleri<\/h2>\n<\/td>\n<td><strong>60<\/strong><\/td>\n<td><strong>120<\/strong><\/td>\n<td>100&#215;80<\/td>\n<\/tr>\n<\/tbody>\n<\/table>\n<p>&nbsp;<\/p>\n<p>&nbsp;<\/p>\n<table border=\"2\" width=\"600\">\n<tbody>\n<tr>\n<td colspan=\"4\">\n<h1><strong>Lineer K\u0131zak Araba \u00d6l\u00e7\u00fcleri<\/strong><\/h1>\n<\/td>\n<\/tr>\n<tr>\n<td>\n<h2>PAR\u00c7A NO<\/h2>\n<\/td>\n<td><strong>Ray dahil Komple Y\u00fckseklik<\/strong><\/td>\n<td><strong>Araba Geni\u015flik mm<\/strong><\/td>\n<td><strong>Delik Merkezi En\/ Boy<\/strong><\/td>\n<\/tr>\n<tr>\n<td>\n<h2>15 mm Dar Lineer Araba \u00d6l\u00e7\u00fcleri<\/h2>\n<\/td>\n<td><strong>28<\/strong><\/td>\n<td><strong>34<\/strong><\/td>\n<td>26&#215;26<\/td>\n<\/tr>\n<tr>\n<td>\n<h2>20 mm Dar Lineer Araba \u00d6l\u00e7\u00fcleri<\/h2>\n<\/td>\n<td><strong>30<\/strong><\/td>\n<td><strong>44<\/strong><\/td>\n<td>32&#215;36<\/td>\n<\/tr>\n<tr>\n<td>\n<h2>25 mm Dar Lineer Araba \u00d6l\u00e7\u00fcleri<\/h2>\n<\/td>\n<td><strong>40<\/strong><\/td>\n<td><strong>48<\/strong><\/td>\n<td>35&#215;35<\/td>\n<\/tr>\n<\/tbody>\n<\/table>\n","protected":false},"excerpt":{"rendered":"<p>Lineer K\u0131zak Araba \u00d6l\u00e7\u00fcleri PAR\u00c7A NO Ray dahil Komple Y\u00fckseklik Araba Geni\u015flik mm Delik Merkezi En\/ Boy 15 mm Geni\u015f Lineer Araba \u00d6l\u00e7\u00fcleri 24 47 38&#215;30 20 mm Geni\u015f Lineer Araba \u00d6l\u00e7\u00fcleri 30 63 53&#215;40 25 mm Geni\u015f Lineer Araba \u00d6l\u00e7\u00fcleri 36 70 57&#215;45 30 mm Geni\u015f Lineer Araba \u00d6l\u00e7\u00fcleri 42 90 72&#215;52 35 mm [&hellip;]<\/p>\n","protected":false},"featured_media":7293,"template":"","meta":[],"product_cat":[47,99,100],"product_tag":[320,319],"class_list":{"0":"post-7292","1":"product","2":"type-product","3":"status-publish","4":"has-post-thumbnail","6":"product_cat-tum-urunleri","7":"product_cat-lineer","8":"product_cat-ray-araba","9":"product_tag-lineer","10":"product_tag-ray-araba","12":"first","13":"instock","14":"shipping-taxable","15":"product-type-simple"},"_links":{"self":[{"href":"https:\/\/novahidrolik.com.tr\/index.php\/wp-json\/wp\/v2\/product\/7292","targetHints":{"allow":["GET"]}}],"collection":[{"href":"https:\/\/novahidrolik.com.tr\/index.php\/wp-json\/wp\/v2\/product"}],"about":[{"href":"https:\/\/novahidrolik.com.tr\/index.php\/wp-json\/wp\/v2\/types\/product"}],"version-history":[{"count":0,"href":"https:\/\/novahidrolik.com.tr\/index.php\/wp-json\/wp\/v2\/product\/7292\/revisions"}],"wp:featuredmedia":[{"embeddable":true,"href":"https:\/\/novahidrolik.com.tr\/index.php\/wp-json\/wp\/v2\/media\/7293"}],"wp:attachment":[{"href":"https:\/\/novahidrolik.com.tr\/index.php\/wp-json\/wp\/v2\/media?parent=7292"}],"wp:term":[{"taxonomy":"product_cat","embeddable":true,"href":"https:\/\/novahidrolik.com.tr\/index.php\/wp-json\/wp\/v2\/product_cat?post=7292"},{"taxonomy":"product_tag","embeddable":true,"href":"https:\/\/novahidrolik.com.tr\/index.php\/wp-json\/wp\/v2\/product_tag?post=7292"}],"curies":[{"name":"wp","href":"https:\/\/api.w.org\/{rel}","templated":true}]}}