{"id":7331,"date":"2022-01-18T10:39:27","date_gmt":"2022-01-18T07:39:27","guid":{"rendered":"https:\/\/novahidrolik.com.tr\/?post_type=product&#038;p=7331"},"modified":"2022-01-18T10:39:28","modified_gmt":"2022-01-18T07:39:28","slug":"cme-sivi-yag-pompasi","status":"publish","type":"product","link":"https:\/\/novahidrolik.com.tr\/index.php\/urun\/cme-sivi-yag-pompasi\/","title":{"rendered":"CME SIVI YA\u011e POMPASI"},"content":{"rendered":"","protected":false},"excerpt":{"rendered":"<p>B\u00fct\u00fcn modellerde standart \u00f6zel dolum filtresi (250 mikron) ve emi\u015f filtresi ( 60 Micron) mevcuttur.S\u0131v\u0131 ya\u011f \u00e7al\u0131\u015fma vizkosite aral\u0131\u011f\u0131 32-1000 cst, Maksimum \u00e7al\u0131\u015fma bas\u0131nc\u0131 70 BAR&#8217;d\u0131r.Ya\u011f \u00e7\u0131k\u0131\u015f miktar\u0131 ; 110-220VAC pompalarda 100cc\/Dak&#8230; 24VDC pompalar da 200cc\/Dak.&#8217;d\u0131r .Timerl\u0131 \u00fcr\u00fcnlerde ya\u011f bitimine yak\u0131n k\u0131rm\u0131z\u0131 lamba yanar ve buzzer (zil) \u00e7alar. Digital Timerl\u0131 modeller de ; \u00c7al\u0131\u015fma (ON) ve Durma ( OFF) aral\u0131klar\u0131 ayr\u0131 ayr\u0131 hassas ayarlanabilir. Manuel \u00e7al\u0131\u015ft\u0131rma ( Push button) \u00f6zelli\u011fi vard\u0131r.\u00c7al\u0131\u015fma s\u00fcresi 1-99 saniye, Durma s\u00fcresi 1-999 dakika hassas ayarlanabilir. \u00c7al\u0131\u015fma veya Durma s\u00fcresi ekranda, ne kadar kald\u0131\u011f\u0131 g\u00f6r\u00fclmektedir. \u00c7al\u0131\u015fma s\u00fcresinde ye\u015fil lamba, Durma s\u00fcresinde k\u0131rm\u0131z\u0131 lamba yanar. Manuel Timerl\u0131 modeller de \u00f6n ya\u011flama (pre-lubrication) \u00f6zelli\u011fi vard\u0131r.<\/p>\n","protected":false},"featured_media":7332,"template":"","meta":[],"product_cat":[47,105],"product_tag":[339,335],"class_list":{"0":"post-7331","1":"product","2":"type-product","3":"status-publish","4":"has-post-thumbnail","6":"product_cat-tum-urunleri","7":"product_cat-otomatik","8":"product_tag-otomatik-yaglama","9":"product_tag-yaglama","11":"first","12":"instock","13":"shipping-taxable","14":"product-type-simple"},"_links":{"self":[{"href":"https:\/\/novahidrolik.com.tr\/index.php\/wp-json\/wp\/v2\/product\/7331","targetHints":{"allow":["GET"]}}],"collection":[{"href":"https:\/\/novahidrolik.com.tr\/index.php\/wp-json\/wp\/v2\/product"}],"about":[{"href":"https:\/\/novahidrolik.com.tr\/index.php\/wp-json\/wp\/v2\/types\/product"}],"version-history":[{"count":0,"href":"https:\/\/novahidrolik.com.tr\/index.php\/wp-json\/wp\/v2\/product\/7331\/revisions"}],"wp:featuredmedia":[{"embeddable":true,"href":"https:\/\/novahidrolik.com.tr\/index.php\/wp-json\/wp\/v2\/media\/7332"}],"wp:attachment":[{"href":"https:\/\/novahidrolik.com.tr\/index.php\/wp-json\/wp\/v2\/media?parent=7331"}],"wp:term":[{"taxonomy":"product_cat","embeddable":true,"href":"https:\/\/novahidrolik.com.tr\/index.php\/wp-json\/wp\/v2\/product_cat?post=7331"},{"taxonomy":"product_tag","embeddable":true,"href":"https:\/\/novahidrolik.com.tr\/index.php\/wp-json\/wp\/v2\/product_tag?post=7331"}],"curies":[{"name":"wp","href":"https:\/\/api.w.org\/{rel}","templated":true}]}}