{"id":7381,"date":"2022-01-18T11:38:54","date_gmt":"2022-01-18T08:38:54","guid":{"rendered":"https:\/\/novahidrolik.com.tr\/?post_type=product&#038;p=7381"},"modified":"2022-01-18T11:38:54","modified_gmt":"2022-01-18T08:38:54","slug":"ng06-valf-pleytleri-emniyetsiz","status":"publish","type":"product","link":"https:\/\/novahidrolik.com.tr\/index.php\/urun\/ng06-valf-pleytleri-emniyetsiz\/","title":{"rendered":"NG06 VALF PLEYTLER\u0130 (EMN\u0130YETS\u0130Z)"},"content":{"rendered":"","protected":false},"excerpt":{"rendered":"","protected":false},"featured_media":7391,"template":"","meta":[],"product_cat":[47,86,93],"product_tag":[216,347,348],"class_list":{"0":"post-7381","1":"product","2":"type-product","3":"status-publish","4":"has-post-thumbnail","6":"product_cat-tum-urunleri","7":"product_cat-hidrolik","8":"product_cat-pleytler","9":"product_tag-hidrolik","10":"product_tag-hidrolik-pleyt","11":"product_tag-pleyt","13":"first","14":"instock","15":"shipping-taxable","16":"product-type-simple"},"_links":{"self":[{"href":"https:\/\/novahidrolik.com.tr\/index.php\/wp-json\/wp\/v2\/product\/7381","targetHints":{"allow":["GET"]}}],"collection":[{"href":"https:\/\/novahidrolik.com.tr\/index.php\/wp-json\/wp\/v2\/product"}],"about":[{"href":"https:\/\/novahidrolik.com.tr\/index.php\/wp-json\/wp\/v2\/types\/product"}],"version-history":[{"count":0,"href":"https:\/\/novahidrolik.com.tr\/index.php\/wp-json\/wp\/v2\/product\/7381\/revisions"}],"wp:featuredmedia":[{"embeddable":true,"href":"https:\/\/novahidrolik.com.tr\/index.php\/wp-json\/wp\/v2\/media\/7391"}],"wp:attachment":[{"href":"https:\/\/novahidrolik.com.tr\/index.php\/wp-json\/wp\/v2\/media?parent=7381"}],"wp:term":[{"taxonomy":"product_cat","embeddable":true,"href":"https:\/\/novahidrolik.com.tr\/index.php\/wp-json\/wp\/v2\/product_cat?post=7381"},{"taxonomy":"product_tag","embeddable":true,"href":"https:\/\/novahidrolik.com.tr\/index.php\/wp-json\/wp\/v2\/product_tag?post=7381"}],"curies":[{"name":"wp","href":"https:\/\/api.w.org\/{rel}","templated":true}]}}