{"id":7406,"date":"2022-01-18T12:20:45","date_gmt":"2022-01-18T09:20:45","guid":{"rendered":"https:\/\/novahidrolik.com.tr\/?post_type=product&#038;p=7406"},"modified":"2022-01-18T12:20:45","modified_gmt":"2022-01-18T09:20:45","slug":"hidrolik-2-yollu-emniyet-kilitli-kuresel-vanalar","status":"publish","type":"product","link":"https:\/\/novahidrolik.com.tr\/index.php\/urun\/hidrolik-2-yollu-emniyet-kilitli-kuresel-vanalar\/","title":{"rendered":"H\u0130DROL\u0130K 2 YOLLU EMN\u0130YET K\u0130L\u0130TL\u0130 K\u00dcRESEL VANALAR"},"content":{"rendered":"","protected":false},"excerpt":{"rendered":"<table border=\"0\" width=\"1022\">\n<tbody>\n<tr>\n<td width=\"578\">G\u00f6vde Malzemesi<\/td>\n<td width=\"444\">Otomat \u00c7eli\u011fi<\/td>\n<\/tr>\n<tr>\n<td>K\u00fcre Malzemesi<\/td>\n<td>Sert Krom Kapl\u0131 \u00c7elik<\/td>\n<\/tr>\n<tr>\n<td>Vida \u00d6l\u00e7\u00fcs\u00fc<\/td>\n<td>BSP, NPT<\/td>\n<\/tr>\n<tr>\n<td>K\u00fcre Yataklamas\u0131<\/td>\n<td>Delrin (POM)<\/td>\n<\/tr>\n<tr>\n<td>S\u0131zd\u0131rmazl\u0131k<\/td>\n<td>Nitril O-ring (NBR)<\/td>\n<\/tr>\n<tr>\n<td>\u00c7al\u0131\u015fma S\u0131cakl\u0131\u011f\u0131<\/td>\n<td>-30 \u00b0C ile +110 \u00b0C<\/td>\n<\/tr>\n<tr>\n<td>Kaplama<\/td>\n<td>Galvaniz (Chrome III pasivasyon)<\/td>\n<\/tr>\n<tr>\n<td>\u00d6zel Hallerde<\/td>\n<td>V\u0130TON (-30 \u00b0C &#8211; +225 \u00b0C )<\/td>\n<\/tr>\n<tr>\n<td>Kullan\u0131m Alan\u0131<\/td>\n<td>Kaz\u0131 makineleri, plastik bask\u0131 kal\u0131p makineleri, kimyasal \u00fcretim tesisleri, vin\u00e7ler, kamyonlar ve genel hidrolik uygulamalar.<\/td>\n<\/tr>\n<\/tbody>\n<\/table>\n","protected":false},"featured_media":7407,"template":"","meta":[],"product_cat":[47,86,97,92],"product_tag":[357,216,355],"class_list":{"0":"post-7406","1":"product","2":"type-product","3":"status-publish","4":"has-post-thumbnail","6":"product_cat-tum-urunleri","7":"product_cat-hidrolik","8":"product_cat-iki-yollu","9":"product_cat-vanalar","10":"product_tag-2-yollu","11":"product_tag-hidrolik","12":"product_tag-hidrolik-vana","14":"first","15":"instock","16":"shipping-taxable","17":"product-type-simple"},"_links":{"self":[{"href":"https:\/\/novahidrolik.com.tr\/index.php\/wp-json\/wp\/v2\/product\/7406","targetHints":{"allow":["GET"]}}],"collection":[{"href":"https:\/\/novahidrolik.com.tr\/index.php\/wp-json\/wp\/v2\/product"}],"about":[{"href":"https:\/\/novahidrolik.com.tr\/index.php\/wp-json\/wp\/v2\/types\/product"}],"version-history":[{"count":0,"href":"https:\/\/novahidrolik.com.tr\/index.php\/wp-json\/wp\/v2\/product\/7406\/revisions"}],"wp:featuredmedia":[{"embeddable":true,"href":"https:\/\/novahidrolik.com.tr\/index.php\/wp-json\/wp\/v2\/media\/7407"}],"wp:attachment":[{"href":"https:\/\/novahidrolik.com.tr\/index.php\/wp-json\/wp\/v2\/media?parent=7406"}],"wp:term":[{"taxonomy":"product_cat","embeddable":true,"href":"https:\/\/novahidrolik.com.tr\/index.php\/wp-json\/wp\/v2\/product_cat?post=7406"},{"taxonomy":"product_tag","embeddable":true,"href":"https:\/\/novahidrolik.com.tr\/index.php\/wp-json\/wp\/v2\/product_tag?post=7406"}],"curies":[{"name":"wp","href":"https:\/\/api.w.org\/{rel}","templated":true}]}}