{"id":7426,"date":"2022-01-18T12:50:24","date_gmt":"2022-01-18T09:50:24","guid":{"rendered":"https:\/\/novahidrolik.com.tr\/?post_type=product&#038;p=7426"},"modified":"2022-01-18T12:59:49","modified_gmt":"2022-01-18T09:59:49","slug":"hidrolik-ikiz-kilit-valfleri","status":"publish","type":"product","link":"https:\/\/novahidrolik.com.tr\/index.php\/urun\/hidrolik-ikiz-kilit-valfleri\/","title":{"rendered":"DC SER\u0130S\u0130  H\u0130DROL\u0130K \u0130K\u0130Z K\u0130L\u0130T VALFLER\u0130"},"content":{"rendered":"","protected":false},"excerpt":{"rendered":"<table border=\"0\" width=\"1022\">\n<tbody>\n<tr>\n<td width=\"578\">Malzeme<\/td>\n<td width=\"444\">Otomat \u00c7eli\u011fi<\/td>\n<\/tr>\n<tr>\n<td>Vida \u00d6l\u00e7\u00fcs\u00fc<\/td>\n<td>BSP (\u0130ste\u011fe Ba\u011fl\u0131: NPT, Metrik)<\/td>\n<\/tr>\n<tr>\n<td>S\u0131zd\u0131rmazl\u0131k<\/td>\n<td>Nitril O-ring (NBR)<\/td>\n<\/tr>\n<tr>\n<td>\u00c7al\u0131\u015fma S\u0131cakl\u0131\u011f\u0131<\/td>\n<td>-30 \u00b0C ile +110 \u00b0C<\/td>\n<\/tr>\n<tr>\n<td>Kaplama<\/td>\n<td>Galvaniz (Chrome III pasivasyon)<\/td>\n<\/tr>\n<tr>\n<td>Is\u0131l \u0130\u015flem<\/td>\n<td>\u0130\u00e7 par\u00e7alarda<\/td>\n<\/tr>\n<tr>\n<td>Kullan\u0131m Alan\u0131<\/td>\n<td>Kald\u0131rma ekipmanlar\u0131, vin\u00e7ler, platformlar, beton mikserleri,<\/td>\n<\/tr>\n<tr>\n<td><\/td>\n<td>tar\u0131m makineleri<\/td>\n<\/tr>\n<\/tbody>\n<\/table>\n","protected":false},"featured_media":7430,"template":"","meta":[],"product_cat":[47,86,88],"product_tag":[216,365,363,364,142],"class_list":{"0":"post-7426","1":"product","2":"type-product","3":"status-publish","4":"has-post-thumbnail","6":"product_cat-tum-urunleri","7":"product_cat-hidrolik","8":"product_cat-valfler-hidrolik","9":"product_tag-hidrolik","10":"product_tag-hidrolik-ikiz-kilit-valf","11":"product_tag-hidrolik-valf","12":"product_tag-ikiz-kilit-valf","13":"product_tag-valf","15":"first","16":"instock","17":"shipping-taxable","18":"product-type-simple"},"_links":{"self":[{"href":"https:\/\/novahidrolik.com.tr\/index.php\/wp-json\/wp\/v2\/product\/7426","targetHints":{"allow":["GET"]}}],"collection":[{"href":"https:\/\/novahidrolik.com.tr\/index.php\/wp-json\/wp\/v2\/product"}],"about":[{"href":"https:\/\/novahidrolik.com.tr\/index.php\/wp-json\/wp\/v2\/types\/product"}],"version-history":[{"count":0,"href":"https:\/\/novahidrolik.com.tr\/index.php\/wp-json\/wp\/v2\/product\/7426\/revisions"}],"wp:featuredmedia":[{"embeddable":true,"href":"https:\/\/novahidrolik.com.tr\/index.php\/wp-json\/wp\/v2\/media\/7430"}],"wp:attachment":[{"href":"https:\/\/novahidrolik.com.tr\/index.php\/wp-json\/wp\/v2\/media?parent=7426"}],"wp:term":[{"taxonomy":"product_cat","embeddable":true,"href":"https:\/\/novahidrolik.com.tr\/index.php\/wp-json\/wp\/v2\/product_cat?post=7426"},{"taxonomy":"product_tag","embeddable":true,"href":"https:\/\/novahidrolik.com.tr\/index.php\/wp-json\/wp\/v2\/product_tag?post=7426"}],"curies":[{"name":"wp","href":"https:\/\/api.w.org\/{rel}","templated":true}]}}