{"id":7470,"date":"2022-01-18T13:46:04","date_gmt":"2022-01-18T10:46:04","guid":{"rendered":"https:\/\/novahidrolik.com.tr\/?post_type=product&#038;p=7470"},"modified":"2022-01-18T13:46:04","modified_gmt":"2022-01-18T10:46:04","slug":"mini-kuresel-vana-disi-disi","status":"publish","type":"product","link":"https:\/\/novahidrolik.com.tr\/index.php\/urun\/mini-kuresel-vana-disi-disi\/","title":{"rendered":"Mini K\u00fcresel Vana Di\u015fi &#8211; Di\u015fi"},"content":{"rendered":"","protected":false},"excerpt":{"rendered":"<h3 style=\"text-align: center\">Mini K\u00fcresel Vana Di\u015fi &#8211; Di\u015fi<\/h3>\n<h5 style=\"text-align: center\">1\/4<\/h5>\n<h5 style=\"text-align: center\">3\/8<\/h5>\n<h5 style=\"text-align: center\">1\/2<\/h5>\n<h5 style=\"text-align: center\">3\/4<\/h5>\n<h5 style=\"text-align: center\"><\/h5>\n","protected":false},"featured_media":7474,"template":"","meta":[],"product_cat":[47,113],"product_tag":[385,267,384,386,268,383],"class_list":{"0":"post-7470","1":"product","2":"type-product","3":"status-publish","4":"has-post-thumbnail","6":"product_cat-tum-urunleri","7":"product_cat-pirinc-baglanti-rekorlari","8":"product_tag-bursa-mini-kuresel-vana-disi-disi","9":"product_tag-bursa-pirinc-baglanti","10":"product_tag-mini-kuresel-vanalar","11":"product_tag-nova-mini-kuresel-vana-disi-disi","12":"product_tag-nova-pirinc-baglanti","13":"product_tag-vanalar","15":"first","16":"instock","17":"shipping-taxable","18":"product-type-simple"},"_links":{"self":[{"href":"https:\/\/novahidrolik.com.tr\/index.php\/wp-json\/wp\/v2\/product\/7470","targetHints":{"allow":["GET"]}}],"collection":[{"href":"https:\/\/novahidrolik.com.tr\/index.php\/wp-json\/wp\/v2\/product"}],"about":[{"href":"https:\/\/novahidrolik.com.tr\/index.php\/wp-json\/wp\/v2\/types\/product"}],"version-history":[{"count":0,"href":"https:\/\/novahidrolik.com.tr\/index.php\/wp-json\/wp\/v2\/product\/7470\/revisions"}],"wp:featuredmedia":[{"embeddable":true,"href":"https:\/\/novahidrolik.com.tr\/index.php\/wp-json\/wp\/v2\/media\/7474"}],"wp:attachment":[{"href":"https:\/\/novahidrolik.com.tr\/index.php\/wp-json\/wp\/v2\/media?parent=7470"}],"wp:term":[{"taxonomy":"product_cat","embeddable":true,"href":"https:\/\/novahidrolik.com.tr\/index.php\/wp-json\/wp\/v2\/product_cat?post=7470"},{"taxonomy":"product_tag","embeddable":true,"href":"https:\/\/novahidrolik.com.tr\/index.php\/wp-json\/wp\/v2\/product_tag?post=7470"}],"curies":[{"name":"wp","href":"https:\/\/api.w.org\/{rel}","templated":true}]}}