{"id":7486,"date":"2022-01-18T14:00:08","date_gmt":"2022-01-18T11:00:08","guid":{"rendered":"https:\/\/novahidrolik.com.tr\/?post_type=product&#038;p=7486"},"modified":"2022-01-18T14:00:08","modified_gmt":"2022-01-18T11:00:08","slug":"ng10-hidrolik-valfler","status":"publish","type":"product","link":"https:\/\/novahidrolik.com.tr\/index.php\/urun\/ng10-hidrolik-valfler\/","title":{"rendered":"NG10 Hidrolik Valfler"},"content":{"rendered":"","protected":false},"excerpt":{"rendered":"<p><strong>1\/2 Tek Bobin Valf<\/strong><\/p>\n<p><strong>1\/2\u00a0 Tek Bobin H Merkez<\/strong><\/p>\n<p><strong>1\/2\u00a0 A\u00e7\u0131k Merkez \u00c7ift Bobin<\/strong><\/p>\n<p><strong>1\/2\u00a0 Kapal\u0131 Merkez \u00c7ift Bobin<\/strong><\/p>\n<p><strong>1\/2 H Merkez \u00c7ift Bobin<\/strong><\/p>\n<p><strong>1\/2\u00a0 Ab Tank \u00c7ift Bobin<\/strong><\/p>\n","protected":false},"featured_media":7478,"template":"","meta":[],"product_cat":[47,86,88],"product_tag":[161,216,363,142],"class_list":{"0":"post-7486","1":"product","2":"type-product","3":"status-publish","4":"has-post-thumbnail","6":"product_cat-tum-urunleri","7":"product_cat-hidrolik","8":"product_cat-valfler-hidrolik","9":"product_tag-1-2","10":"product_tag-hidrolik","11":"product_tag-hidrolik-valf","12":"product_tag-valf","14":"first","15":"instock","16":"shipping-taxable","17":"product-type-simple"},"_links":{"self":[{"href":"https:\/\/novahidrolik.com.tr\/index.php\/wp-json\/wp\/v2\/product\/7486","targetHints":{"allow":["GET"]}}],"collection":[{"href":"https:\/\/novahidrolik.com.tr\/index.php\/wp-json\/wp\/v2\/product"}],"about":[{"href":"https:\/\/novahidrolik.com.tr\/index.php\/wp-json\/wp\/v2\/types\/product"}],"version-history":[{"count":0,"href":"https:\/\/novahidrolik.com.tr\/index.php\/wp-json\/wp\/v2\/product\/7486\/revisions"}],"wp:featuredmedia":[{"embeddable":true,"href":"https:\/\/novahidrolik.com.tr\/index.php\/wp-json\/wp\/v2\/media\/7478"}],"wp:attachment":[{"href":"https:\/\/novahidrolik.com.tr\/index.php\/wp-json\/wp\/v2\/media?parent=7486"}],"wp:term":[{"taxonomy":"product_cat","embeddable":true,"href":"https:\/\/novahidrolik.com.tr\/index.php\/wp-json\/wp\/v2\/product_cat?post=7486"},{"taxonomy":"product_tag","embeddable":true,"href":"https:\/\/novahidrolik.com.tr\/index.php\/wp-json\/wp\/v2\/product_tag?post=7486"}],"curies":[{"name":"wp","href":"https:\/\/api.w.org\/{rel}","templated":true}]}}