{"id":7502,"date":"2022-01-18T14:23:02","date_gmt":"2022-01-18T11:23:02","guid":{"rendered":"https:\/\/novahidrolik.com.tr\/?post_type=product&#038;p=7502"},"modified":"2022-01-18T14:23:02","modified_gmt":"2022-01-18T11:23:02","slug":"5-yollu-cek-valf-dis-disli","status":"publish","type":"product","link":"https:\/\/novahidrolik.com.tr\/index.php\/urun\/5-yollu-cek-valf-dis-disli\/","title":{"rendered":"5 Yollu \u00c7ek Valf D\u0131\u015f Di\u015fli"},"content":{"rendered":"","protected":false},"excerpt":{"rendered":"<h3 style=\"text-align: center\">5 Yollu \u00c7ek Valf D\u0131\u015f Di\u015fli<\/h3>\n<h5 style=\"text-align: center\">1<\/h5>\n<h5 style=\"text-align: center\">1 1\/4<\/h5>\n<h5 style=\"text-align: center\">1 1\/2<\/h5>\n<h5 style=\"text-align: center\">2<\/h5>\n","protected":false},"featured_media":7510,"template":"","meta":[],"product_cat":[47,113],"product_tag":[398,267,268,399,266,317],"class_list":{"0":"post-7502","1":"product","2":"type-product","3":"status-publish","4":"has-post-thumbnail","6":"product_cat-tum-urunleri","7":"product_cat-pirinc-baglanti-rekorlari","8":"product_tag-bursa-5-yollu-cek-valf-dis-disli","9":"product_tag-bursa-pirinc-baglanti","10":"product_tag-nova-pirinc-baglanti","11":"product_tag-pirinc-5-yollu-cek-valf-dis-disli","12":"product_tag-pirincler","13":"product_tag-sari-baglantilar","15":"first","16":"instock","17":"shipping-taxable","18":"product-type-simple"},"_links":{"self":[{"href":"https:\/\/novahidrolik.com.tr\/index.php\/wp-json\/wp\/v2\/product\/7502","targetHints":{"allow":["GET"]}}],"collection":[{"href":"https:\/\/novahidrolik.com.tr\/index.php\/wp-json\/wp\/v2\/product"}],"about":[{"href":"https:\/\/novahidrolik.com.tr\/index.php\/wp-json\/wp\/v2\/types\/product"}],"version-history":[{"count":0,"href":"https:\/\/novahidrolik.com.tr\/index.php\/wp-json\/wp\/v2\/product\/7502\/revisions"}],"wp:featuredmedia":[{"embeddable":true,"href":"https:\/\/novahidrolik.com.tr\/index.php\/wp-json\/wp\/v2\/media\/7510"}],"wp:attachment":[{"href":"https:\/\/novahidrolik.com.tr\/index.php\/wp-json\/wp\/v2\/media?parent=7502"}],"wp:term":[{"taxonomy":"product_cat","embeddable":true,"href":"https:\/\/novahidrolik.com.tr\/index.php\/wp-json\/wp\/v2\/product_cat?post=7502"},{"taxonomy":"product_tag","embeddable":true,"href":"https:\/\/novahidrolik.com.tr\/index.php\/wp-json\/wp\/v2\/product_tag?post=7502"}],"curies":[{"name":"wp","href":"https:\/\/api.w.org\/{rel}","templated":true}]}}