{"id":7527,"date":"2022-01-18T14:58:28","date_gmt":"2022-01-18T11:58:28","guid":{"rendered":"https:\/\/novahidrolik.com.tr\/?post_type=product&#038;p=7527"},"modified":"2022-01-18T14:59:45","modified_gmt":"2022-01-18T11:59:45","slug":"7527","status":"publish","type":"product","link":"https:\/\/novahidrolik.com.tr\/index.php\/urun\/7527\/","title":{"rendered":"PN 16 Tam Ge\u00e7i\u015fli K\u00fcresel Vana"},"content":{"rendered":"","protected":false},"excerpt":{"rendered":"<h3 style=\"text-align: center\">PN 16 Tam Ge\u00e7i\u015fli K\u00fcresel Vana<\/h3>\n<h5 style=\"text-align: center\">1\/2<\/h5>\n<h5 style=\"text-align: center\">3\/4<\/h5>\n<h5 style=\"text-align: center\">1<\/h5>\n<h5 style=\"text-align: center\">1 1\/4<\/h5>\n<h5 style=\"text-align: center\">1 1\/2<\/h5>\n<h5 style=\"text-align: center\">2<\/h5>\n<h5 style=\"text-align: center\">2 1\/2<\/h5>\n<h5 style=\"text-align: center\">3<\/h5>\n<h5 style=\"text-align: center\">4<\/h5>\n","protected":false},"featured_media":7531,"template":"","meta":[],"product_cat":[47,113],"product_tag":[267,408,409,266,317],"class_list":{"0":"post-7527","1":"product","2":"type-product","3":"status-publish","4":"has-post-thumbnail","6":"product_cat-tum-urunleri","7":"product_cat-pirinc-baglanti-rekorlari","8":"product_tag-bursa-pirinc-baglanti","9":"product_tag-bursa-pn-16-tam-gecisli-kuresel-vana","10":"product_tag-nova-pn-16-tam-gecisli-kuresel-vana","11":"product_tag-pirincler","12":"product_tag-sari-baglantilar","14":"first","15":"instock","16":"shipping-taxable","17":"product-type-simple"},"_links":{"self":[{"href":"https:\/\/novahidrolik.com.tr\/index.php\/wp-json\/wp\/v2\/product\/7527","targetHints":{"allow":["GET"]}}],"collection":[{"href":"https:\/\/novahidrolik.com.tr\/index.php\/wp-json\/wp\/v2\/product"}],"about":[{"href":"https:\/\/novahidrolik.com.tr\/index.php\/wp-json\/wp\/v2\/types\/product"}],"version-history":[{"count":0,"href":"https:\/\/novahidrolik.com.tr\/index.php\/wp-json\/wp\/v2\/product\/7527\/revisions"}],"wp:featuredmedia":[{"embeddable":true,"href":"https:\/\/novahidrolik.com.tr\/index.php\/wp-json\/wp\/v2\/media\/7531"}],"wp:attachment":[{"href":"https:\/\/novahidrolik.com.tr\/index.php\/wp-json\/wp\/v2\/media?parent=7527"}],"wp:term":[{"taxonomy":"product_cat","embeddable":true,"href":"https:\/\/novahidrolik.com.tr\/index.php\/wp-json\/wp\/v2\/product_cat?post=7527"},{"taxonomy":"product_tag","embeddable":true,"href":"https:\/\/novahidrolik.com.tr\/index.php\/wp-json\/wp\/v2\/product_tag?post=7527"}],"curies":[{"name":"wp","href":"https:\/\/api.w.org\/{rel}","templated":true}]}}