{"id":7550,"date":"2022-01-18T16:10:25","date_gmt":"2022-01-18T13:10:25","guid":{"rendered":"https:\/\/novahidrolik.com.tr\/?post_type=product&#038;p=7550"},"modified":"2022-01-18T16:10:25","modified_gmt":"2022-01-18T13:10:25","slug":"pnomatik-keceler","status":"publish","type":"product","link":"https:\/\/novahidrolik.com.tr\/index.php\/urun\/pnomatik-keceler\/","title":{"rendered":"Pn\u00f6matik Ke\u00e7eler"},"content":{"rendered":"","protected":false},"excerpt":{"rendered":"<h2><strong>Pn\u00f6matik Ke\u00e7eler :<\/strong><\/h2>\n<ul>\n<li>Bo\u011faz Ke\u00e7eler<\/li>\n<\/ul>\n<ul>\n<li>Piston Ke\u00e7eleri<\/li>\n<\/ul>\n<ul>\n<li>Toz Ke\u00e7eleri<\/li>\n<\/ul>\n","protected":false},"featured_media":7551,"template":"","meta":[],"product_cat":[47,116],"product_tag":[418,416],"class_list":{"0":"post-7550","1":"product","2":"type-product","3":"status-publish","4":"has-post-thumbnail","6":"product_cat-tum-urunleri","7":"product_cat-sizdirmazlik","8":"product_tag-pnomatik-keceler","9":"product_tag-sizdirmazlik","11":"first","12":"instock","13":"shipping-taxable","14":"product-type-simple"},"_links":{"self":[{"href":"https:\/\/novahidrolik.com.tr\/index.php\/wp-json\/wp\/v2\/product\/7550","targetHints":{"allow":["GET"]}}],"collection":[{"href":"https:\/\/novahidrolik.com.tr\/index.php\/wp-json\/wp\/v2\/product"}],"about":[{"href":"https:\/\/novahidrolik.com.tr\/index.php\/wp-json\/wp\/v2\/types\/product"}],"version-history":[{"count":0,"href":"https:\/\/novahidrolik.com.tr\/index.php\/wp-json\/wp\/v2\/product\/7550\/revisions"}],"wp:featuredmedia":[{"embeddable":true,"href":"https:\/\/novahidrolik.com.tr\/index.php\/wp-json\/wp\/v2\/media\/7551"}],"wp:attachment":[{"href":"https:\/\/novahidrolik.com.tr\/index.php\/wp-json\/wp\/v2\/media?parent=7550"}],"wp:term":[{"taxonomy":"product_cat","embeddable":true,"href":"https:\/\/novahidrolik.com.tr\/index.php\/wp-json\/wp\/v2\/product_cat?post=7550"},{"taxonomy":"product_tag","embeddable":true,"href":"https:\/\/novahidrolik.com.tr\/index.php\/wp-json\/wp\/v2\/product_tag?post=7550"}],"curies":[{"name":"wp","href":"https:\/\/api.w.org\/{rel}","templated":true}]}}