{"id":7553,"date":"2022-01-18T16:13:32","date_gmt":"2022-01-18T13:13:32","guid":{"rendered":"https:\/\/novahidrolik.com.tr\/?post_type=product&#038;p=7553"},"modified":"2022-01-18T16:13:32","modified_gmt":"2022-01-18T13:13:32","slug":"yag-keceleri","status":"publish","type":"product","link":"https:\/\/novahidrolik.com.tr\/index.php\/urun\/yag-keceleri\/","title":{"rendered":"Ya\u011f Ke\u00e7eleri"},"content":{"rendered":"","protected":false},"excerpt":{"rendered":"<h2>Ya\u011f Ke\u00e7eleri :<\/h2>\n<ul>\n<li>Yayl\u0131 \/ Yays\u0131z Standart Ya\u011f Ke\u00e7eleri (NBR, Silikon, Viton, Poli\u00fcretan)<\/li>\n<li>Teflon Ke\u00e7eler (G\u0131daya Uygunluk)<\/li>\n<li>Kaset Tipi Ke\u00e7eler<\/li>\n<li>Flan\u015fl\u0131 Ke\u00e7eler<\/li>\n<li>Y\u00fcksek Bas\u0131n\u00e7 Ke\u00e7eleri<\/li>\n<li>Y\u00fcn Ke\u00e7eler<\/li>\n<li>V-Ringler<\/li>\n<li>Statik Ke\u00e7eler (O-ringler, Destek Ringleri)<\/li>\n<\/ul>\n","protected":false},"featured_media":7554,"template":"","meta":[],"product_cat":[47,116],"product_tag":[416,419],"class_list":{"0":"post-7553","1":"product","2":"type-product","3":"status-publish","4":"has-post-thumbnail","6":"product_cat-tum-urunleri","7":"product_cat-sizdirmazlik","8":"product_tag-sizdirmazlik","9":"product_tag-yag-keceleri","11":"first","12":"instock","13":"shipping-taxable","14":"product-type-simple"},"_links":{"self":[{"href":"https:\/\/novahidrolik.com.tr\/index.php\/wp-json\/wp\/v2\/product\/7553","targetHints":{"allow":["GET"]}}],"collection":[{"href":"https:\/\/novahidrolik.com.tr\/index.php\/wp-json\/wp\/v2\/product"}],"about":[{"href":"https:\/\/novahidrolik.com.tr\/index.php\/wp-json\/wp\/v2\/types\/product"}],"version-history":[{"count":0,"href":"https:\/\/novahidrolik.com.tr\/index.php\/wp-json\/wp\/v2\/product\/7553\/revisions"}],"wp:featuredmedia":[{"embeddable":true,"href":"https:\/\/novahidrolik.com.tr\/index.php\/wp-json\/wp\/v2\/media\/7554"}],"wp:attachment":[{"href":"https:\/\/novahidrolik.com.tr\/index.php\/wp-json\/wp\/v2\/media?parent=7553"}],"wp:term":[{"taxonomy":"product_cat","embeddable":true,"href":"https:\/\/novahidrolik.com.tr\/index.php\/wp-json\/wp\/v2\/product_cat?post=7553"},{"taxonomy":"product_tag","embeddable":true,"href":"https:\/\/novahidrolik.com.tr\/index.php\/wp-json\/wp\/v2\/product_tag?post=7553"}],"curies":[{"name":"wp","href":"https:\/\/api.w.org\/{rel}","templated":true}]}}