{"id":7563,"date":"2022-01-18T17:55:34","date_gmt":"2022-01-18T14:55:34","guid":{"rendered":"https:\/\/novahidrolik.com.tr\/?post_type=product&#038;p=7563"},"modified":"2022-01-18T17:58:22","modified_gmt":"2022-01-18T14:58:22","slug":"ic-disli-kollektor","status":"publish","type":"product","link":"https:\/\/novahidrolik.com.tr\/index.php\/urun\/ic-disli-kollektor\/","title":{"rendered":"\u0130\u00e7 Di\u015fli Kollekt\u00f6r"},"content":{"rendered":"","protected":false},"excerpt":{"rendered":"<h3 style=\"text-align: center\">\u0130\u00e7 Di\u015fli Kollekt\u00f6r<\/h3>\n<h5 style=\"text-align: center\">1 &#8211; 2 Delikli<\/h5>\n<h5 style=\"text-align: center\">1 &#8211; 3 Delikli<\/h5>\n<h5 style=\"text-align: center\">1 &#8211; 4 Delikli<\/h5>\n<h5 style=\"text-align: center\">1 &#8211; 5 Delikli<\/h5>\n<h5 style=\"text-align: center\">1 &#8211; 6 Delikli<\/h5>\n<h5 style=\"text-align: center\">1 &#8211; 7 Delikli<\/h5>\n<h5 style=\"text-align: center\">1 &#8211; 8 Delikli<\/h5>\n<h5 style=\"text-align: center\">1 &#8211; 9 Delikli<\/h5>\n<h5 style=\"text-align: center\">1 &#8211; 10 Delikli<\/h5>\n<h5 style=\"text-align: center\">1 &#8211; 11 Delikli<\/h5>\n<h5 style=\"text-align: center\">1 &#8211; 12 Delikli<\/h5>\n<h5 style=\"text-align: center\"><\/h5>\n","protected":false},"featured_media":7566,"template":"","meta":[],"product_cat":[47,113],"product_tag":[421,267,423,422,266,317],"class_list":{"0":"post-7563","1":"product","2":"type-product","3":"status-publish","4":"has-post-thumbnail","6":"product_cat-tum-urunleri","7":"product_cat-pirinc-baglanti-rekorlari","8":"product_tag-bursa-disli-kollektor","9":"product_tag-bursa-pirinc-baglanti","10":"product_tag-ic-disli-kollektor","11":"product_tag-nova-kollektor","12":"product_tag-pirincler","13":"product_tag-sari-baglantilar","15":"first","16":"instock","17":"shipping-taxable","18":"product-type-simple"},"_links":{"self":[{"href":"https:\/\/novahidrolik.com.tr\/index.php\/wp-json\/wp\/v2\/product\/7563","targetHints":{"allow":["GET"]}}],"collection":[{"href":"https:\/\/novahidrolik.com.tr\/index.php\/wp-json\/wp\/v2\/product"}],"about":[{"href":"https:\/\/novahidrolik.com.tr\/index.php\/wp-json\/wp\/v2\/types\/product"}],"version-history":[{"count":0,"href":"https:\/\/novahidrolik.com.tr\/index.php\/wp-json\/wp\/v2\/product\/7563\/revisions"}],"wp:featuredmedia":[{"embeddable":true,"href":"https:\/\/novahidrolik.com.tr\/index.php\/wp-json\/wp\/v2\/media\/7566"}],"wp:attachment":[{"href":"https:\/\/novahidrolik.com.tr\/index.php\/wp-json\/wp\/v2\/media?parent=7563"}],"wp:term":[{"taxonomy":"product_cat","embeddable":true,"href":"https:\/\/novahidrolik.com.tr\/index.php\/wp-json\/wp\/v2\/product_cat?post=7563"},{"taxonomy":"product_tag","embeddable":true,"href":"https:\/\/novahidrolik.com.tr\/index.php\/wp-json\/wp\/v2\/product_tag?post=7563"}],"curies":[{"name":"wp","href":"https:\/\/api.w.org\/{rel}","templated":true}]}}