{"id":7568,"date":"2022-01-19T13:09:56","date_gmt":"2022-01-19T10:09:56","guid":{"rendered":"https:\/\/novahidrolik.com.tr\/?post_type=product&#038;p=7568"},"modified":"2022-01-19T13:10:27","modified_gmt":"2022-01-19T10:10:27","slug":"hidrolik-unite","status":"publish","type":"product","link":"https:\/\/novahidrolik.com.tr\/index.php\/urun\/hidrolik-unite\/","title":{"rendered":"Hidrolik \u00dcnite"},"content":{"rendered":"","protected":false},"excerpt":{"rendered":"<h2><strong>\u0130stedi\u011finiz \u00f6l\u00e7\u00fclerde ve \u00f6zelliklerde hidrolik \u00fcnite \u00fcretimimiz mevcuttur.<\/strong><\/h2>\n<p>&nbsp;<\/p>\n<h1><\/h1>\n","protected":false},"featured_media":7572,"template":"","meta":[],"product_cat":[47,86,90],"product_tag":[216,424,425],"class_list":{"0":"post-7568","1":"product","2":"type-product","3":"status-publish","4":"has-post-thumbnail","6":"product_cat-tum-urunleri","7":"product_cat-hidrolik","8":"product_cat-uniteler","9":"product_tag-hidrolik","10":"product_tag-hidrolik-unite","11":"product_tag-unite","13":"first","14":"instock","15":"shipping-taxable","16":"product-type-simple"},"_links":{"self":[{"href":"https:\/\/novahidrolik.com.tr\/index.php\/wp-json\/wp\/v2\/product\/7568","targetHints":{"allow":["GET"]}}],"collection":[{"href":"https:\/\/novahidrolik.com.tr\/index.php\/wp-json\/wp\/v2\/product"}],"about":[{"href":"https:\/\/novahidrolik.com.tr\/index.php\/wp-json\/wp\/v2\/types\/product"}],"version-history":[{"count":0,"href":"https:\/\/novahidrolik.com.tr\/index.php\/wp-json\/wp\/v2\/product\/7568\/revisions"}],"wp:featuredmedia":[{"embeddable":true,"href":"https:\/\/novahidrolik.com.tr\/index.php\/wp-json\/wp\/v2\/media\/7572"}],"wp:attachment":[{"href":"https:\/\/novahidrolik.com.tr\/index.php\/wp-json\/wp\/v2\/media?parent=7568"}],"wp:term":[{"taxonomy":"product_cat","embeddable":true,"href":"https:\/\/novahidrolik.com.tr\/index.php\/wp-json\/wp\/v2\/product_cat?post=7568"},{"taxonomy":"product_tag","embeddable":true,"href":"https:\/\/novahidrolik.com.tr\/index.php\/wp-json\/wp\/v2\/product_tag?post=7568"}],"curies":[{"name":"wp","href":"https:\/\/api.w.org\/{rel}","templated":true}]}}