{"id":7576,"date":"2022-01-19T13:17:38","date_gmt":"2022-01-19T10:17:38","guid":{"rendered":"https:\/\/novahidrolik.com.tr\/?post_type=product&#038;p=7576"},"modified":"2022-01-20T10:55:12","modified_gmt":"2022-01-20T07:55:12","slug":"hidrolik-silindir","status":"publish","type":"product","link":"https:\/\/novahidrolik.com.tr\/index.php\/urun\/hidrolik-silindir\/","title":{"rendered":"Hidrolik Silindir"},"content":{"rendered":"","protected":false},"excerpt":{"rendered":"<h2><strong>\u0130stedi\u011finiz \u00f6l\u00e7\u00fclerde ve \u00f6zelliklerde hidrolik silindir \u00fcretimimiz mevcuttur.<\/strong><\/h2>\n<p>&nbsp;<\/p>\n","protected":false},"featured_media":7577,"template":"","meta":[],"product_cat":[86,87],"product_tag":[216,429,428,426,458,430],"class_list":{"0":"post-7576","1":"product","2":"type-product","3":"status-publish","4":"has-post-thumbnail","6":"product_cat-hidrolik","7":"product_cat-silindirler-hidrolik","8":"product_tag-hidrolik","9":"product_tag-hidrolik-silindir","10":"product_tag-nova","11":"product_tag-nova-hidrolik","12":"product_tag-nova-pnomatik","13":"product_tag-silindir","15":"first","16":"instock","17":"shipping-taxable","18":"product-type-simple"},"_links":{"self":[{"href":"https:\/\/novahidrolik.com.tr\/index.php\/wp-json\/wp\/v2\/product\/7576","targetHints":{"allow":["GET"]}}],"collection":[{"href":"https:\/\/novahidrolik.com.tr\/index.php\/wp-json\/wp\/v2\/product"}],"about":[{"href":"https:\/\/novahidrolik.com.tr\/index.php\/wp-json\/wp\/v2\/types\/product"}],"version-history":[{"count":0,"href":"https:\/\/novahidrolik.com.tr\/index.php\/wp-json\/wp\/v2\/product\/7576\/revisions"}],"wp:featuredmedia":[{"embeddable":true,"href":"https:\/\/novahidrolik.com.tr\/index.php\/wp-json\/wp\/v2\/media\/7577"}],"wp:attachment":[{"href":"https:\/\/novahidrolik.com.tr\/index.php\/wp-json\/wp\/v2\/media?parent=7576"}],"wp:term":[{"taxonomy":"product_cat","embeddable":true,"href":"https:\/\/novahidrolik.com.tr\/index.php\/wp-json\/wp\/v2\/product_cat?post=7576"},{"taxonomy":"product_tag","embeddable":true,"href":"https:\/\/novahidrolik.com.tr\/index.php\/wp-json\/wp\/v2\/product_tag?post=7576"}],"curies":[{"name":"wp","href":"https:\/\/api.w.org\/{rel}","templated":true}]}}